{"id":72,"date":"2022-12-21T08:35:31","date_gmt":"2022-12-21T08:35:31","guid":{"rendered":"https:\/\/supremecourt.qodeinteractive.com\/?page_id=72"},"modified":"2026-01-08T09:12:21","modified_gmt":"2026-01-08T10:12:21","slug":"main-home","status":"publish","type":"page","link":"https:\/\/www.stj.cv\/","title":{"rendered":"Main Home"},"content":{"rendered":"\t\t<div data-elementor-type=\"wp-page\" data-elementor-id=\"72\" class=\"elementor elementor-72\">\n\t\t\t\t\t\t<section class=\"elementor-section elementor-top-section elementor-element elementor-element-cc2a5ab elementor-section-boxed elementor-section-height-default elementor-section-height-default\" data-id=\"cc2a5ab\" data-element_type=\"section\" data-e-type=\"section\" data-settings=\"{&quot;background_background&quot;:&quot;classic&quot;}\">\n\t\t\t\t\t\t<div class=\"elementor-container elementor-column-gap-default\">\n\t\t\t\t\t<div class=\"elementor-column elementor-col-100 elementor-top-column elementor-element elementor-element-4b659a5\" data-id=\"4b659a5\" data-element_type=\"column\" data-e-type=\"column\">\n\t\t\t<div class=\"elementor-widget-wrap elementor-element-populated\">\n\t\t\t\t\t\t<div class=\"elementor-element elementor-element-5d7267b elementor-widget elementor-widget-supremecourt_core_section_title\" data-id=\"5d7267b\" data-element_type=\"widget\" data-e-type=\"widget\" data-widget_type=\"supremecourt_core_section_title.default\">\n\t\t\t\t<div class=\"elementor-widget-container\">\n\t\t\t\t\t<div class=\"qodef-shortcode qodef-m  qodef-section-title qodef-section-title-518 qodef-alignment--center qodef-decoration--yes qodef-has-appear qodef-bullets--medium \">\n\t\t<div class=\"qodef-m-title-holder\">\n\t\t<h1 class=\"qodef-m-title\" style=\"font-size: 110px\">\n\t\t\t\t\t\t\tsupremo tribunal de justi\u00e7a\t\t\t\t\t<\/h1>\n\t<\/div>\n\t\t\t<\/div>\n\t\t\t\t<\/div>\n\t\t\t\t<\/div>\n\t\t\t\t\t<\/div>\n\t\t<\/div>\n\t\t\t\t\t<\/div>\n\t\t<\/section>\n\t\t\t\t<section class=\"elementor-section elementor-top-section elementor-element elementor-element-723ddea elementor-section-full_width elementor-section-height-default elementor-section-height-default\" data-id=\"723ddea\" data-element_type=\"section\" data-e-type=\"section\">\n\t\t\t\t\t\t<div class=\"elementor-container elementor-column-gap-default\">\n\t\t\t\t\t<div class=\"elementor-column elementor-col-100 elementor-top-column elementor-element elementor-element-1e61a43 elementor-hidden-mobile\" data-id=\"1e61a43\" data-element_type=\"column\" data-e-type=\"column\">\n\t\t\t<div class=\"elementor-widget-wrap elementor-element-populated\">\n\t\t\t\t\t\t<div class=\"elementor-element elementor-element-e622021 elementor-arrows-position-inside elementor-pagination-position-outside elementor-widget elementor-widget-image-carousel\" data-id=\"e622021\" data-element_type=\"widget\" data-e-type=\"widget\" data-settings=\"{&quot;slides_to_show&quot;:&quot;1&quot;,&quot;speed&quot;:400,&quot;slides_to_show_mobile&quot;:&quot;1&quot;,&quot;lazyload&quot;:&quot;yes&quot;,&quot;pause_on_hover&quot;:&quot;no&quot;,&quot;pause_on_interaction&quot;:&quot;no&quot;,&quot;navigation&quot;:&quot;both&quot;,&quot;autoplay&quot;:&quot;yes&quot;,&quot;autoplay_speed&quot;:5000,&quot;infinite&quot;:&quot;yes&quot;,&quot;effect&quot;:&quot;slide&quot;}\" data-widget_type=\"image-carousel.default\">\n\t\t\t\t<div class=\"elementor-widget-container\">\n\t\t\t\t\t\t\t<div class=\"elementor-image-carousel-wrapper swiper\" role=\"region\" aria-roledescription=\"carousel\" aria-label=\"Image Carousel\" dir=\"ltr\">\n\t\t\t<div class=\"elementor-image-carousel swiper-wrapper swiper-image-stretch\" aria-live=\"off\">\n\t\t\t\t\t\t\t\t<div class=\"swiper-slide\" role=\"group\" aria-roledescription=\"slide\" aria-label=\"1 of 3\"><figure class=\"swiper-slide-inner\"><img class=\"swiper-slide-image swiper-lazy\" data-src=\"https:\/\/www.stj.cv\/wp-content\/uploads\/2025\/11\/1W2A3342-2048x1365.jpg\" alt=\"Miss\u00e3o do Supremo Tribunal de Justi\u00e7a a Macau e \u00e0 China Continental\" \/><div class=\"swiper-lazy-preloader\"><\/div><\/figure><\/div><div class=\"swiper-slide\" role=\"group\" aria-roledescription=\"slide\" aria-label=\"2 of 3\"><figure class=\"swiper-slide-inner\"><img class=\"swiper-slide-image swiper-lazy\" data-src=\"https:\/\/www.stj.cv\/wp-content\/uploads\/2023\/08\/main-img2-1-2048x854.png\" alt=\"main-img2\" \/><div class=\"swiper-lazy-preloader\"><\/div><\/figure><\/div><div class=\"swiper-slide\" role=\"group\" aria-roledescription=\"slide\" aria-label=\"3 of 3\"><figure class=\"swiper-slide-inner\"><img class=\"swiper-slide-image swiper-lazy\" data-src=\"https:\/\/www.stj.cv\/wp-content\/uploads\/2023\/08\/main-img3-2048x854.png\" alt=\"main-img3\" \/><div class=\"swiper-lazy-preloader\"><\/div><\/figure><\/div>\t\t\t<\/div>\n\t\t\t\t\t\t\t\t\t\t\t\t<div class=\"elementor-swiper-button elementor-swiper-button-prev\" role=\"button\" tabindex=\"0\">\n\t\t\t\t\t\t<i aria-hidden=\"true\" class=\"eicon-chevron-left\"><\/i>\t\t\t\t\t<\/div>\n\t\t\t\t\t<div class=\"elementor-swiper-button elementor-swiper-button-next\" role=\"button\" tabindex=\"0\">\n\t\t\t\t\t\t<i aria-hidden=\"true\" class=\"eicon-chevron-right\"><\/i>\t\t\t\t\t<\/div>\n\t\t\t\t\n\t\t\t\t\t\t\t\t\t<div class=\"swiper-pagination\"><\/div>\n\t\t\t\t\t\t\t\t\t<\/div>\n\t\t\t\t\t\t<\/div>\n\t\t\t\t<\/div>\n\t\t\t\t\t<\/div>\n\t\t<\/div>\n\t\t\t\t\t<\/div>\n\t\t<\/section>\n\t\t\t\t<section class=\"elementor-section elementor-top-section elementor-element elementor-element-f8cab3b elementor-section-full_width elementor-section-height-default elementor-section-height-default\" data-id=\"f8cab3b\" data-element_type=\"section\" data-e-type=\"section\" data-settings=\"{&quot;background_background&quot;:&quot;classic&quot;}\">\n\t\t\t\t\t\t<div class=\"elementor-container elementor-column-gap-default\">\n\t\t\t\t\t<div class=\"elementor-column elementor-col-50 elementor-top-column elementor-element elementor-element-82d69ca\" data-id=\"82d69ca\" data-element_type=\"column\" data-e-type=\"column\" data-settings=\"{&quot;background_background&quot;:&quot;classic&quot;}\">\n\t\t\t<div class=\"elementor-widget-wrap elementor-element-populated\">\n\t\t\t\t\t\t<div class=\"elementor-element elementor-element-2f5b365 elementor-widget elementor-widget-supremecourt_core_section_title\" data-id=\"2f5b365\" data-element_type=\"widget\" data-e-type=\"widget\" data-widget_type=\"supremecourt_core_section_title.default\">\n\t\t\t\t<div class=\"elementor-widget-container\">\n\t\t\t\t\t<div class=\"qodef-shortcode qodef-m  qodef-section-title qodef-section-title-206 qodef-alignment--left qodef-decoration--yes  qodef-bullets--medium \">\n\t\t<div class=\"qodef-m-title-holder\">\n\t\t<h5 class=\"qodef-m-title\" >\n\t\t\t\t\t\t\tBEM-VINDO(A) AO SITE DO SUPREMO TRIBUNAL DE JUSTI\u00c7A\t\t\t\t\t<\/h5>\n\t<\/div>\n\t\t\t<\/div>\n\t\t\t\t<\/div>\n\t\t\t\t<\/div>\n\t\t\t\t<div class=\"elementor-element elementor-element-d68f782 elementor-widget__width-initial elementor-widget elementor-widget-text-editor\" data-id=\"d68f782\" data-element_type=\"widget\" data-e-type=\"widget\" data-widget_type=\"text-editor.default\">\n\t\t\t\t<div class=\"elementor-widget-container\">\n\t\t\t\t\t\t\t\t\t<p><strong>Mensagem de boas-vindas do Senhor Presidente<\/strong><\/p><p>\u00c9 com a reconfortante sensa\u00e7\u00e3o de estar a participar de uma nova e auspiciosa fase, caracterizada pela efectiva melhoria da comunica\u00e7\u00e3o do Supremo Tribunal de Justi\u00e7a com os cidad\u00e3os, que dou a todos as boas vindas a este site do mais alto Tribunal Judicial do pa\u00eds.<\/p><p>Com esta p\u00e1gina pretende-se instituir um canal privilegiado de interac\u00e7\u00e3o com o p\u00fablico, nomeadamente no que toca \u00e0 divulga\u00e7\u00e3o da miss\u00e3o do Supremo Tribunal de Justi\u00e7a, bem como das suas actividades, em especial da jurisprud\u00eancia que vai produzindo, com o que, suprindo uma lacuna que h\u00e1 muito vinha sendo assinalada, se proporciona melhores condi\u00e7\u00f5es para o conhecimento e o leg\u00edtimo escrut\u00ednio do funcionamento deste importante \u00f3rg\u00e3o de soberania.<\/p><p>N\u00e3o se tratando de um produto acabado, este site estar\u00e1 em permanente aprimoramento, com o intuito de melhor servir os cidad\u00e3os em geral, com \u00eanfase para a comunidade jur\u00eddica e todos aqueles que se interessam pela Administra\u00e7\u00e3o da Justi\u00e7a e pelas decis\u00f5es do Supremo Tribunal de Justi\u00e7a.<\/p><p>Que o entusiasmo que nos anima nesta nova etapa prossiga em crescendo e os prop\u00f3sitos subjacentes \u00e0 cria\u00e7\u00e3o deste ve\u00edculo de comunica\u00e7\u00e3o sejam plenamente alcan\u00e7ados.<\/p><p>Sejam, pois, muito bem-vindos \u00e0 p\u00e1gina do Supremo Tribunal de Justi\u00e7a de Cabo Verde.<\/p>\t\t\t\t\t\t\t\t<\/div>\n\t\t\t\t<\/div>\n\t\t\t\t\t<\/div>\n\t\t<\/div>\n\t\t\t\t<div class=\"elementor-column elementor-col-50 elementor-top-column elementor-element elementor-element-3598a64\" data-id=\"3598a64\" data-element_type=\"column\" data-e-type=\"column\" data-settings=\"{&quot;background_background&quot;:&quot;classic&quot;}\">\n\t\t\t<div class=\"elementor-widget-wrap elementor-element-populated\">\n\t\t\t\t\t\t<div class=\"elementor-element elementor-element-6463274 elementor-hidden-desktop elementor-hidden-tablet elementor-hidden-mobile elementor-widget elementor-widget-supremecourt_core_single_image\" data-id=\"6463274\" data-element_type=\"widget\" data-e-type=\"widget\" data-widget_type=\"supremecourt_core_single_image.default\">\n\t\t\t\t<div class=\"elementor-widget-container\">\n\t\t\t\t\t<div class=\"qodef-shortcode qodef-m  qodef-single-image qodef-layout--default   \">\n\t<\/div>\n\t\t\t\t<\/div>\n\t\t\t\t<\/div>\n\t\t\t\t\t<\/div>\n\t\t<\/div>\n\t\t\t\t\t<\/div>\n\t\t<\/section>\n\t\t\t\t<section class=\"elementor-section elementor-top-section elementor-element elementor-element-3b1fc63 elementor-section-full_width qodef-elementor-content-grid elementor-section-height-default elementor-section-height-default\" data-id=\"3b1fc63\" data-element_type=\"section\" data-e-type=\"section\" data-settings=\"{&quot;background_background&quot;:&quot;classic&quot;}\">\n\t\t\t\t\t\t<div class=\"elementor-container elementor-column-gap-default\">\n\t\t\t\t\t<div class=\"elementor-column elementor-col-100 elementor-top-column elementor-element elementor-element-5bf84e5\" data-id=\"5bf84e5\" data-element_type=\"column\" data-e-type=\"column\">\n\t\t\t<div class=\"elementor-widget-wrap elementor-element-populated\">\n\t\t\t\t\t\t<div class=\"elementor-element elementor-element-6bb7521 elementor-widget elementor-widget-supremecourt_core_section_title\" data-id=\"6bb7521\" data-element_type=\"widget\" data-e-type=\"widget\" data-widget_type=\"supremecourt_core_section_title.default\">\n\t\t\t\t<div class=\"elementor-widget-container\">\n\t\t\t\t\t<div class=\"qodef-shortcode qodef-m  qodef-section-title qodef-section-title-656 qodef-alignment--center qodef-decoration--yes  qodef-bullets--medium \">\n\t\t<div class=\"qodef-m-title-holder\">\n\t\t<h2 class=\"qodef-m-title\" >\n\t\t\t\t\t\t\tNot\u00edcias | eventos\t\t\t\t\t<\/h2>\n\t<\/div>\n\t\t\t<\/div>\n\t\t\t\t<\/div>\n\t\t\t\t<\/div>\n\t\t\t\t<div class=\"elementor-element elementor-element-2e5a34c elementor-widget elementor-widget-qi_addons_for_elementor_blog_list\" data-id=\"2e5a34c\" data-element_type=\"widget\" data-e-type=\"widget\" data-widget_type=\"qi_addons_for_elementor_blog_list.default\">\n\t\t\t\t<div class=\"elementor-widget-container\">\n\t\t\t\t\t<div class=\"qodef-shortcode qodef-m qodef-addons-blog-list qodef-info-no-icons qodef-image--hover-zoom qodef-qi-grid qodef-layout--qi-columns qodef-col-num--3 qodef-item-layout--boxed qodef-responsive--predefined\" >\n\t<div class=\"qodef-grid-inner\">\n\t\t<article class=\"qodef-e qodef-blog-item qodef-grid-item qodef-item--large post-12598 post type-post status-publish format-standard has-post-thumbnail hentry category-ultimas-noticias\">\n\t<div class=\"qodef-e-inner\">\n\t\t<div class=\"qodef-e-media-holder\">\n\t\t\t<div class=\"qodef-e-media\">\n\t\t<div class=\"qodef-e-media-image\">\n\t\t<a itemprop=\"url\" href=\"https:\/\/www.stj.cv\/index.php\/2026\/03\/04\/supremo-tribunal-de-justica-recebe-do-banco-de-cabo-verde-medalhas-comemorativas-dos-50-anos\/\">\n\t\t\t<img fetchpriority=\"high\" decoding=\"async\" width=\"768\" height=\"1024\" src=\"https:\/\/www.stj.cv\/wp-content\/uploads\/2026\/03\/WhatsApp-Image-2026-03-03-at-11.45.08-768x1024.jpeg\" class=\"attachment-large size-large\" alt=\"\" srcset=\"https:\/\/www.stj.cv\/wp-content\/uploads\/2026\/03\/WhatsApp-Image-2026-03-03-at-11.45.08-768x1024.jpeg 768w, https:\/\/www.stj.cv\/wp-content\/uploads\/2026\/03\/WhatsApp-Image-2026-03-03-at-11.45.08-225x300.jpeg 225w, https:\/\/www.stj.cv\/wp-content\/uploads\/2026\/03\/WhatsApp-Image-2026-03-03-at-11.45.08-600x800.jpeg 600w, https:\/\/www.stj.cv\/wp-content\/uploads\/2026\/03\/WhatsApp-Image-2026-03-03-at-11.45.08.jpeg 960w\" sizes=\"(max-width: 768px) 100vw, 768px\" \/>\t\t<\/a>\n\t\t\t<\/div>\n<\/div>\n\t\t<\/div>\n\t\t<div class=\"qodef-e-content\">\n\t\t\t\t\t\t<div class=\"qodef-e-text\">\n\t\t\t\t<h5 itemprop=\"name\" class=\"qodef-e-title entry-title\">\n\t<a itemprop=\"url\" class=\"qodef-e-title-link\" href=\"https:\/\/www.stj.cv\/index.php\/2026\/03\/04\/supremo-tribunal-de-justica-recebe-do-banco-de-cabo-verde-medalhas-comemorativas-dos-50-anos\/\">\n\t\tSupremo Tribunal de Justi\u00e7a recebe do Banco de Cabo Verde Medalhas Comemorativas dos 50 anos\t<\/a>\n<\/h5>\n\t\t\t<\/div>\n\t\t\t\t\t\t\t<div class=\"qodef-e-info qodef-info--bottom\">\n\t\t\t\t\t\t<div class=\"qodef-e-read-more\">\n\t\t<a class=\"qodef-shortcode qodef-m qodef-qi-button qodef-html--link qodef-layout--textual qodef-type--standard qodef-icon--right qodef-hover--icon-move-vertical\" href=\"https:\/\/www.stj.cv\/index.php\/2026\/03\/04\/supremo-tribunal-de-justica-recebe-do-banco-de-cabo-verde-medalhas-comemorativas-dos-50-anos\/\" target=\"_self\">\t<span class=\"qodef-m-text\">Ler Mais<\/span>\t\t<span class=\"qodef-m-icon qodef--icon-color-set\">\t\t<span class=\"qodef-m-icon-inner\">\t\t\t<i aria-hidden=\"true\" class=\"fas fa-balance-scale\"><\/i>\t\t\t\t\t\t\t<i aria-hidden=\"true\" class=\"fas fa-balance-scale\"><\/i>\t\t\t\t\t<\/span>\t<\/span><\/a>\t<\/div>\n\t\t\t\t<\/div>\n\t\t\t\t\t<\/div>\n\t<\/div>\n<\/article>\n<article class=\"qodef-e qodef-blog-item qodef-grid-item qodef-item--large post-12584 post type-post status-publish format-standard has-post-thumbnail hentry category-ultimas-noticias\">\n\t<div class=\"qodef-e-inner\">\n\t\t<div class=\"qodef-e-media-holder\">\n\t\t\t<div class=\"qodef-e-media\">\n\t\t<div class=\"qodef-e-media-image\">\n\t\t<a itemprop=\"url\" href=\"https:\/\/www.stj.cv\/index.php\/2026\/02\/27\/presidente-do-supremo-tribunal-de-justica-recebe-visita-de-cortesia-de-conselheiro-especial-senior-dos-estados-unidos-da-america\/\">\n\t\t\t<img decoding=\"async\" width=\"1024\" height=\"722\" src=\"https:\/\/www.stj.cv\/wp-content\/uploads\/2026\/02\/DSC_0666-1024x722.jpg\" class=\"attachment-large size-large\" alt=\"\" srcset=\"https:\/\/www.stj.cv\/wp-content\/uploads\/2026\/02\/DSC_0666-1024x722.jpg 1024w, https:\/\/www.stj.cv\/wp-content\/uploads\/2026\/02\/DSC_0666-300x212.jpg 300w, https:\/\/www.stj.cv\/wp-content\/uploads\/2026\/02\/DSC_0666-768x542.jpg 768w, https:\/\/www.stj.cv\/wp-content\/uploads\/2026\/02\/DSC_0666-1536x1083.jpg 1536w, https:\/\/www.stj.cv\/wp-content\/uploads\/2026\/02\/DSC_0666-2048x1445.jpg 2048w, https:\/\/www.stj.cv\/wp-content\/uploads\/2026\/02\/DSC_0666-600x423.jpg 600w\" sizes=\"(max-width: 1024px) 100vw, 1024px\" \/>\t\t<\/a>\n\t\t\t<\/div>\n<\/div>\n\t\t<\/div>\n\t\t<div class=\"qodef-e-content\">\n\t\t\t\t\t\t<div class=\"qodef-e-text\">\n\t\t\t\t<h5 itemprop=\"name\" class=\"qodef-e-title entry-title\">\n\t<a itemprop=\"url\" class=\"qodef-e-title-link\" href=\"https:\/\/www.stj.cv\/index.php\/2026\/02\/27\/presidente-do-supremo-tribunal-de-justica-recebe-visita-de-cortesia-de-conselheiro-especial-senior-dos-estados-unidos-da-america\/\">\n\t\tPresidente do Supremo Tribunal de Justi\u00e7a recebe visita de cortesia de Conselheiro Especial S\u00e9nior dos Estados Unidos da Am\u00e9rica\t<\/a>\n<\/h5>\n\t\t\t<\/div>\n\t\t\t\t\t\t\t<div class=\"qodef-e-info qodef-info--bottom\">\n\t\t\t\t\t\t<div class=\"qodef-e-read-more\">\n\t\t<a class=\"qodef-shortcode qodef-m qodef-qi-button qodef-html--link qodef-layout--textual qodef-type--standard qodef-icon--right qodef-hover--icon-move-vertical\" href=\"https:\/\/www.stj.cv\/index.php\/2026\/02\/27\/presidente-do-supremo-tribunal-de-justica-recebe-visita-de-cortesia-de-conselheiro-especial-senior-dos-estados-unidos-da-america\/\" target=\"_self\">\t<span class=\"qodef-m-text\">Ler Mais<\/span>\t\t<span class=\"qodef-m-icon qodef--icon-color-set\">\t\t<span class=\"qodef-m-icon-inner\">\t\t\t<i aria-hidden=\"true\" class=\"fas fa-balance-scale\"><\/i>\t\t\t\t\t\t\t<i aria-hidden=\"true\" class=\"fas fa-balance-scale\"><\/i>\t\t\t\t\t<\/span>\t<\/span><\/a>\t<\/div>\n\t\t\t\t<\/div>\n\t\t\t\t\t<\/div>\n\t<\/div>\n<\/article>\n<article class=\"qodef-e qodef-blog-item qodef-grid-item qodef-item--large post-12570 post type-post status-publish format-standard has-post-thumbnail hentry category-ultimas-noticias\">\n\t<div class=\"qodef-e-inner\">\n\t\t<div class=\"qodef-e-media-holder\">\n\t\t\t<div class=\"qodef-e-media\">\n\t\t<div class=\"qodef-e-media-image\">\n\t\t<a itemprop=\"url\" href=\"https:\/\/www.stj.cv\/index.php\/2026\/02\/17\/novas-juizas-conselheiras-no-supremo-tribunal-de-justica\/\">\n\t\t\t<img decoding=\"async\" width=\"1024\" height=\"728\" src=\"https:\/\/www.stj.cv\/wp-content\/uploads\/2026\/02\/631640183_1340756781430371_6152389427117056153_n-1024x728.jpg\" class=\"attachment-large size-large\" alt=\"\" srcset=\"https:\/\/www.stj.cv\/wp-content\/uploads\/2026\/02\/631640183_1340756781430371_6152389427117056153_n-1024x728.jpg 1024w, https:\/\/www.stj.cv\/wp-content\/uploads\/2026\/02\/631640183_1340756781430371_6152389427117056153_n-300x213.jpg 300w, https:\/\/www.stj.cv\/wp-content\/uploads\/2026\/02\/631640183_1340756781430371_6152389427117056153_n-768x546.jpg 768w, https:\/\/www.stj.cv\/wp-content\/uploads\/2026\/02\/631640183_1340756781430371_6152389427117056153_n-1536x1092.jpg 1536w, https:\/\/www.stj.cv\/wp-content\/uploads\/2026\/02\/631640183_1340756781430371_6152389427117056153_n-600x426.jpg 600w, https:\/\/www.stj.cv\/wp-content\/uploads\/2026\/02\/631640183_1340756781430371_6152389427117056153_n.jpg 1600w\" sizes=\"(max-width: 1024px) 100vw, 1024px\" \/>\t\t<\/a>\n\t\t\t<\/div>\n<\/div>\n\t\t<\/div>\n\t\t<div class=\"qodef-e-content\">\n\t\t\t\t\t\t<div class=\"qodef-e-text\">\n\t\t\t\t<h5 itemprop=\"name\" class=\"qodef-e-title entry-title\">\n\t<a itemprop=\"url\" class=\"qodef-e-title-link\" href=\"https:\/\/www.stj.cv\/index.php\/2026\/02\/17\/novas-juizas-conselheiras-no-supremo-tribunal-de-justica\/\">\n\t\tNovas Ju\u00edzas Conselheiras no Supremo Tribunal de Justi\u00e7a\t<\/a>\n<\/h5>\n\t\t\t<\/div>\n\t\t\t\t\t\t\t<div class=\"qodef-e-info qodef-info--bottom\">\n\t\t\t\t\t\t<div class=\"qodef-e-read-more\">\n\t\t<a class=\"qodef-shortcode qodef-m qodef-qi-button qodef-html--link qodef-layout--textual qodef-type--standard qodef-icon--right qodef-hover--icon-move-vertical\" href=\"https:\/\/www.stj.cv\/index.php\/2026\/02\/17\/novas-juizas-conselheiras-no-supremo-tribunal-de-justica\/\" target=\"_self\">\t<span class=\"qodef-m-text\">Ler Mais<\/span>\t\t<span class=\"qodef-m-icon qodef--icon-color-set\">\t\t<span class=\"qodef-m-icon-inner\">\t\t\t<i aria-hidden=\"true\" class=\"fas fa-balance-scale\"><\/i>\t\t\t\t\t\t\t<i aria-hidden=\"true\" class=\"fas fa-balance-scale\"><\/i>\t\t\t\t\t<\/span>\t<\/span><\/a>\t<\/div>\n\t\t\t\t<\/div>\n\t\t\t\t\t<\/div>\n\t<\/div>\n<\/article>\n\t<\/div>\n\t<\/div>\n\t\t\t\t<\/div>\n\t\t\t\t<\/div>\n\t\t\t\t<div class=\"elementor-element elementor-element-ef5ef8a elementor-align-center elementor-widget elementor-widget-button\" data-id=\"ef5ef8a\" data-element_type=\"widget\" data-e-type=\"widget\" data-widget_type=\"button.default\">\n\t\t\t\t<div class=\"elementor-widget-container\">\n\t\t\t\t\t\t\t\t\t<div class=\"elementor-button-wrapper\">\n\t\t\t\t\t<a class=\"elementor-button elementor-button-link elementor-size-sm\" href=\"https:\/\/www.stj.cv\/index.php\/noticias-eventos\/\">\n\t\t\t\t\t\t<span class=\"elementor-button-content-wrapper\">\n\t\t\t\t\t\t<span class=\"elementor-button-icon\">\n\t\t\t\t<i aria-hidden=\"true\" class=\"fas fa-bars\"><\/i>\t\t\t<\/span>\n\t\t\t\t\t\t\t\t\t<span class=\"elementor-button-text\">Ver Mais <\/span>\n\t\t\t\t\t<\/span>\n\t\t\t\t\t<\/a>\n\t\t\t\t<\/div>\n\t\t\t\t\t\t\t\t<\/div>\n\t\t\t\t<\/div>\n\t\t\t\t\t<\/div>\n\t\t<\/div>\n\t\t\t\t\t<\/div>\n\t\t<\/section>\n\t\t\t\t<section class=\"elementor-section elementor-top-section elementor-element elementor-element-b5b4242 elementor-section-full_width elementor-section-height-default elementor-section-height-default\" data-id=\"b5b4242\" data-element_type=\"section\" data-e-type=\"section\" data-settings=\"{&quot;background_background&quot;:&quot;classic&quot;}\">\n\t\t\t\t\t\t<div class=\"elementor-container elementor-column-gap-default\">\n\t\t\t\t\t<div class=\"elementor-column elementor-col-100 elementor-top-column elementor-element elementor-element-e300f88\" data-id=\"e300f88\" data-element_type=\"column\" data-e-type=\"column\">\n\t\t\t<div class=\"elementor-widget-wrap elementor-element-populated\">\n\t\t\t\t\t\t<div class=\"elementor-element elementor-element-5d0d876 elementor-widget elementor-widget-supremecourt_core_separator\" data-id=\"5d0d876\" data-element_type=\"widget\" data-e-type=\"widget\" data-widget_type=\"supremecourt_core_separator.default\">\n\t\t\t\t<div class=\"elementor-widget-container\">\n\t\t\t\t\t<div class=\"qodef-shortcode qodef-m  qodef-separator clear   \">\n\t<div class=\"qodef-m-line\" style=\"border-color: #02010100;--qodef-separator-color: #02010100;margin-top: 100px;margin-bottom: 100px\"><\/div>\n<\/div>\n\t\t\t\t<\/div>\n\t\t\t\t<\/div>\n\t\t\t\t\t<\/div>\n\t\t<\/div>\n\t\t\t\t\t<\/div>\n\t\t<\/section>\n\t\t\t\t<\/div>\n\t\t","protected":false},"excerpt":{"rendered":"<p>supremo tribunal de justi\u00e7a BEM-VINDO(A) AO SITE DO SUPREMO TRIBUNAL DE JUSTI\u00c7A Mensagem de boas-vindas do Senhor Presidente \u00c9 com a reconfortante sensa\u00e7\u00e3o de estar a participar de uma nova e auspiciosa fase, caracterizada pela efectiva melhoria da comunica\u00e7\u00e3o do Supremo Tribunal de Justi\u00e7a com os cidad\u00e3os, que dou a todos as boas vindas a [&hellip;]<\/p>\n","protected":false},"author":1,"featured_media":0,"parent":0,"menu_order":0,"comment_status":"closed","ping_status":"closed","template":"page-full-width.php","meta":{"footnotes":""},"class_list":["post-72","page","type-page","status-publish","hentry"],"jetpack_sharing_enabled":true,"_links":{"self":[{"href":"https:\/\/www.stj.cv\/index.php\/wp-json\/wp\/v2\/pages\/72","targetHints":{"allow":["GET"]}}],"collection":[{"href":"https:\/\/www.stj.cv\/index.php\/wp-json\/wp\/v2\/pages"}],"about":[{"href":"https:\/\/www.stj.cv\/index.php\/wp-json\/wp\/v2\/types\/page"}],"author":[{"embeddable":true,"href":"https:\/\/www.stj.cv\/index.php\/wp-json\/wp\/v2\/users\/1"}],"replies":[{"embeddable":true,"href":"https:\/\/www.stj.cv\/index.php\/wp-json\/wp\/v2\/comments?post=72"}],"version-history":[{"count":349,"href":"https:\/\/www.stj.cv\/index.php\/wp-json\/wp\/v2\/pages\/72\/revisions"}],"predecessor-version":[{"id":12525,"href":"https:\/\/www.stj.cv\/index.php\/wp-json\/wp\/v2\/pages\/72\/revisions\/12525"}],"wp:attachment":[{"href":"https:\/\/www.stj.cv\/index.php\/wp-json\/wp\/v2\/media?parent=72"}],"curies":[{"name":"wp","href":"https:\/\/api.w.org\/{rel}","templated":true}]}}