{"id":7040,"date":"2023-09-25T16:05:43","date_gmt":"2023-09-25T16:05:43","guid":{"rendered":"http:\/\/167.86.89.214\/stj.cv\/?page_id=7040"},"modified":"2023-10-26T11:58:48","modified_gmt":"2023-10-26T12:58:48","slug":"conselheira-da-luz","status":"publish","type":"page","link":"https:\/\/www.stj.cv\/index.php\/conselheira-da-luz\/","title":{"rendered":"Conselheira Lima"},"content":{"rendered":"\t\t<div data-elementor-type=\"wp-page\" data-elementor-id=\"7040\" class=\"elementor elementor-7040\">\n\t\t\t\t\t\t<section class=\"elementor-section elementor-top-section elementor-element elementor-element-212a3e2 elementor-section-boxed elementor-section-height-default elementor-section-height-default\" data-id=\"212a3e2\" data-element_type=\"section\" data-e-type=\"section\">\n\t\t\t\t\t\t<div class=\"elementor-container elementor-column-gap-default\">\n\t\t\t\t\t<div class=\"elementor-column elementor-col-100 elementor-top-column elementor-element elementor-element-39a854f\" data-id=\"39a854f\" data-element_type=\"column\" data-e-type=\"column\">\n\t\t\t<div class=\"elementor-widget-wrap elementor-element-populated\">\n\t\t\t\t\t\t<div class=\"elementor-element elementor-element-b67fe9c elementor-widget elementor-widget-image\" data-id=\"b67fe9c\" data-element_type=\"widget\" data-e-type=\"widget\" data-widget_type=\"image.default\">\n\t\t\t\t<div class=\"elementor-widget-container\">\n\t\t\t\t\t\t\t\t\t\t\t\t\t\t\t<img fetchpriority=\"high\" decoding=\"async\" width=\"200\" height=\"300\" src=\"https:\/\/www.stj.cv\/wp-content\/uploads\/2023\/08\/4_DSC_9980-200x300.jpg\" class=\"attachment-medium size-medium wp-image-6460\" alt=\"\" srcset=\"https:\/\/www.stj.cv\/wp-content\/uploads\/2023\/08\/4_DSC_9980-200x300.jpg 200w, https:\/\/www.stj.cv\/wp-content\/uploads\/2023\/08\/4_DSC_9980-683x1024.jpg 683w, https:\/\/www.stj.cv\/wp-content\/uploads\/2023\/08\/4_DSC_9980-768x1152.jpg 768w, https:\/\/www.stj.cv\/wp-content\/uploads\/2023\/08\/4_DSC_9980-1024x1536.jpg 1024w, https:\/\/www.stj.cv\/wp-content\/uploads\/2023\/08\/4_DSC_9980-1365x2048.jpg 1365w, https:\/\/www.stj.cv\/wp-content\/uploads\/2023\/08\/4_DSC_9980-600x900.jpg 600w, https:\/\/www.stj.cv\/wp-content\/uploads\/2023\/08\/4_DSC_9980-scaled.jpg 1706w\" sizes=\"(max-width: 200px) 100vw, 200px\" \/>\t\t\t\t\t\t\t\t\t\t\t\t\t\t\t<\/div>\n\t\t\t\t<\/div>\n\t\t\t\t\t<\/div>\n\t\t<\/div>\n\t\t\t\t\t<\/div>\n\t\t<\/section>\n\t\t\t\t<section class=\"elementor-section elementor-top-section elementor-element elementor-element-acdcb0b elementor-section-boxed elementor-section-height-default elementor-section-height-default\" data-id=\"acdcb0b\" data-element_type=\"section\" data-e-type=\"section\">\n\t\t\t\t\t\t<div class=\"elementor-container elementor-column-gap-default\">\n\t\t\t\t\t<div class=\"elementor-column elementor-col-100 elementor-top-column elementor-element elementor-element-15e40f8\" data-id=\"15e40f8\" data-element_type=\"column\" data-e-type=\"column\">\n\t\t\t<div class=\"elementor-widget-wrap elementor-element-populated\">\n\t\t\t\t\t\t<div class=\"elementor-element elementor-element-d3f830d elementor-widget elementor-widget-text-editor\" data-id=\"d3f830d\" data-element_type=\"widget\" data-e-type=\"widget\" data-widget_type=\"text-editor.default\">\n\t\t\t\t<div class=\"elementor-widget-container\">\n\t\t\t\t\t\t\t\t\t<p><strong> Ju\u00edza Conselheira Zaida Lima<\/strong><\/p>\t\t\t\t\t\t\t\t<\/div>\n\t\t\t\t<\/div>\n\t\t\t\t\t<\/div>\n\t\t<\/div>\n\t\t\t\t\t<\/div>\n\t\t<\/section>\n\t\t\t\t<section class=\"elementor-section elementor-top-section elementor-element elementor-element-e08fda8 elementor-section-boxed elementor-section-height-default elementor-section-height-default\" data-id=\"e08fda8\" data-element_type=\"section\" data-e-type=\"section\">\n\t\t\t\t\t\t<div class=\"elementor-container elementor-column-gap-default\">\n\t\t\t\t\t<div class=\"elementor-column elementor-col-100 elementor-top-column elementor-element elementor-element-44e69ae\" data-id=\"44e69ae\" data-element_type=\"column\" data-e-type=\"column\">\n\t\t\t<div class=\"elementor-widget-wrap elementor-element-populated\">\n\t\t\t\t\t\t<div class=\"elementor-element elementor-element-17e8eef elementor-widget elementor-widget-text-editor\" data-id=\"17e8eef\" data-element_type=\"widget\" data-e-type=\"widget\" data-widget_type=\"text-editor.default\">\n\t\t\t\t<div class=\"elementor-widget-container\">\n\t\t\t\t\t\t\t\t\t<p><strong>Nota Biogr\u00e1fica<\/strong><\/p>\t\t\t\t\t\t\t\t<\/div>\n\t\t\t\t<\/div>\n\t\t\t\t\t<\/div>\n\t\t<\/div>\n\t\t\t\t\t<\/div>\n\t\t<\/section>\n\t\t\t\t<section class=\"elementor-section elementor-top-section elementor-element elementor-element-2dc419b elementor-section-boxed elementor-section-height-default elementor-section-height-default\" data-id=\"2dc419b\" data-element_type=\"section\" data-e-type=\"section\">\n\t\t\t\t\t\t<div class=\"elementor-container elementor-column-gap-default\">\n\t\t\t\t\t<div class=\"elementor-column elementor-col-100 elementor-top-column elementor-element elementor-element-6ddde52\" data-id=\"6ddde52\" data-element_type=\"column\" data-e-type=\"column\">\n\t\t\t<div class=\"elementor-widget-wrap elementor-element-populated\">\n\t\t\t\t\t\t<div class=\"elementor-element elementor-element-ba67a1c elementor-widget elementor-widget-text-editor\" data-id=\"ba67a1c\" data-element_type=\"widget\" data-e-type=\"widget\" data-widget_type=\"text-editor.default\">\n\t\t\t\t<div class=\"elementor-widget-container\">\n\t\t\t\t\t\t\t\t\t<div style=\"text-align: justify;\"><ul><li>Nascida a 10 de Agosto de 1975, em S\u00e3o Filipe- Ilha do Fogo, fez os estudos prim\u00e1rios e do, ent\u00e3o, Ciclo Preparat\u00f3rio na Cidade de S\u00e3o Filipe (Fogo) e o secund\u00e1rio no Liceu Domingos Ramos, na Cidade da Praia.<\/li><li>Em 1993, conclu\u00edu os estudos liceais e, tendo ganho uma bolsa da Funda\u00e7\u00e3o Calouste Gulbenkian, rumou a Portugal aonde iniciou os estudos universit\u00e1rios em Direito na Faculdade de Direito da Universidade de Coimbra.<\/li><li>Licenciou-se em Direito, \u00e1rea jur\u00eddico-forense, em 1998.<\/li><li>Ap\u00f3s ter frequentado a Primeira Fase do Est\u00e1gio de Advocacia na ordem dos Advogados do Concelho Distrital de Lisboa, entre 1998 a 1999, em Setembro de 1999 ingressou no XVIII\u00ba curso normal de Forma\u00e7\u00e3o para auditores de justi\u00e7a no Centro de Estudos Judici\u00e1rios (CEJ), em Lisboa.<\/li><li>A 10 de novembro de 2000 iniciou a sua carreira na Magistratura cabo-verdiana, tendo tomado posse como Magistrada Judicial, para exercer fun\u00e7\u00f5es no Tribunal Judicial da Comarca do Tarrafal, cargo que desempenhou at\u00e9 Setembro de 2002.<\/li><li>No ano judicial 2002-2003 foi transferida para a Comarca de Santa Catarina de Santiago, tendo sido colocada, primeiramente no Ju\u00edzo Criminal e, em seguida, no ju\u00edzo C\u00edvel, fun\u00e7\u00e3o que cumulou com a de Ju\u00edz-Presidente do referido Tribunal.<\/li><li>Em outubro de 2005 foi transferida, a pedido, para o 1\u00ba Ju\u00edzo Criminal do Tribunal da Comarca da Praia, tendo permanecido nesta jurisdi\u00e7\u00e3o at\u00e9 fevereiro de 2009.<\/li><li>Em Fevereiro de 2009 foi nomeada para, em regime de mandato, exercer as fun\u00e7\u00f5es de Juiz Conselheira do Supremo Tribunal de Justi\u00e7a e, por iner\u00eancia, Ju\u00edz do Tribunal Constitucional, fun\u00e7\u00e3o que desempenhou at\u00e9 Outubro de 2015.<\/li><li>Entre outubro de 2015 e novembro de 2016 desempenhou a fun\u00e7\u00e3o de Assessora do Conselho Superior da Magistratura Judicial, colocada no Supremo Tribunal de Justi\u00e7a.<\/li><li>Foi promovida, por concurso, \u00e0 categoria de Ju\u00edz Desembargador em Mar\u00e7o de 2014.<\/li><li>A 2 de Novembro de 2016 tomou posse como Ju\u00edz do Tribunal da Rela\u00e7\u00e3o de Sotavento, tendo integrado o primeiro Colectivo e sido eleita a primeira Ju\u00edz-Presidente desse Tribunal de Segunda Inst\u00e2ncia.<\/li><li>Em Julho de 2021 foi eleita, por indica\u00e7\u00e3o dos seus pares, Membro Vogal do Conselho Superior da Magistratura Judicial.<\/li><li>Em Maio de 2022 foi promovida, em concurso, \u00e0 categoria de Ju\u00edz Conselheira.<\/li><li>A 2 de Novembro de 2022 tomou posse como Ju\u00edz Conselheira do Supremo Tribunal de Justi\u00e7a, estando afecta \u00e0 Sec\u00e7\u00e3o Criminal.<\/li><li>Tem um texto publicado e intitulado \u00ab<em>TRIBUNAL PENAL INTERNACIONAL E \u00c1FRICA LUS\u00d3FONA- PERSPECTIVA CR\u00cdTICA<\/em>\u00bb &#8211; Confer\u00eancia sobre Direito Penal Internacional, Tribunal Penal Internacional e a Perspectiva da \u00c1frica de L\u00edngua Oficial Portuguesa, Lisboa, edi\u00e7\u00e3o da Imprensa Nacional- Casa da Moeda &#8211; Portugal, 2015.<\/li><li>\u00c9 co-autora da vers\u00e3o consensualmente negociada do Tratado de Extradi\u00e7\u00e3o e Tratado de Auxilio Judici\u00e1rio M\u00fatuo em Mat\u00e9ria Penal, em Novembro de 2018.<\/li><li>\u00c9 co-autora do Ante-Projecto da altera\u00e7\u00e3o do C\u00f3digo Penal, em vigor\u2013 Lei n.\u00ba 117\/IX\/2021, de 11 de Fevereiro (publicado no Boletim Oficial n.\u00ba 20, I\u00aa S\u00e9rie, de 11 de Fevereiro de 2021).<\/li><li>\u00c9 co-autora do Ante-Projecto da altera\u00e7\u00e3o do C\u00f3digo de Processo Penal \u2013 Lei n.\u00ba 122\/IX\/2021, de 1 de Mar\u00e7o (Republica\u00e7\u00e3o Lei n\u00ba 71\/2021, de 9 de abril).<\/li><\/ul><\/div>\t\t\t\t\t\t\t\t<\/div>\n\t\t\t\t<\/div>\n\t\t\t\t\t<\/div>\n\t\t<\/div>\n\t\t\t\t\t<\/div>\n\t\t<\/section>\n\t\t\t\t<\/div>\n\t\t","protected":false},"excerpt":{"rendered":"<p>Ju\u00edza Conselheira Zaida Lima Nota Biogr\u00e1fica Nascida a 10 de Agosto de 1975, em S\u00e3o Filipe- Ilha do Fogo, fez os estudos prim\u00e1rios e do, ent\u00e3o, Ciclo Preparat\u00f3rio na Cidade de S\u00e3o Filipe (Fogo) e o secund\u00e1rio no Liceu Domingos Ramos, na Cidade da Praia. Em 1993, conclu\u00edu os estudos liceais e, tendo ganho uma [&hellip;]<\/p>\n","protected":false},"author":2,"featured_media":0,"parent":0,"menu_order":0,"comment_status":"closed","ping_status":"closed","template":"","meta":{"footnotes":""},"class_list":["post-7040","page","type-page","status-publish","hentry"],"jetpack_sharing_enabled":true,"_links":{"self":[{"href":"https:\/\/www.stj.cv\/index.php\/wp-json\/wp\/v2\/pages\/7040","targetHints":{"allow":["GET"]}}],"collection":[{"href":"https:\/\/www.stj.cv\/index.php\/wp-json\/wp\/v2\/pages"}],"about":[{"href":"https:\/\/www.stj.cv\/index.php\/wp-json\/wp\/v2\/types\/page"}],"author":[{"embeddable":true,"href":"https:\/\/www.stj.cv\/index.php\/wp-json\/wp\/v2\/users\/2"}],"replies":[{"embeddable":true,"href":"https:\/\/www.stj.cv\/index.php\/wp-json\/wp\/v2\/comments?post=7040"}],"version-history":[{"count":21,"href":"https:\/\/www.stj.cv\/index.php\/wp-json\/wp\/v2\/pages\/7040\/revisions"}],"predecessor-version":[{"id":8759,"href":"https:\/\/www.stj.cv\/index.php\/wp-json\/wp\/v2\/pages\/7040\/revisions\/8759"}],"wp:attachment":[{"href":"https:\/\/www.stj.cv\/index.php\/wp-json\/wp\/v2\/media?parent=7040"}],"curies":[{"name":"wp","href":"https:\/\/api.w.org\/{rel}","templated":true}]}}