{"id":7004,"date":"2023-09-25T12:28:31","date_gmt":"2023-09-25T12:28:31","guid":{"rendered":"http:\/\/167.86.89.214\/stj.cv\/?page_id=7004"},"modified":"2023-10-30T17:23:55","modified_gmt":"2023-10-30T18:23:55","slug":"conselheiro-semedo","status":"publish","type":"page","link":"https:\/\/www.stj.cv\/index.php\/conselheiro-semedo\/","title":{"rendered":"Conselheiro Semedo"},"content":{"rendered":"\t\t<div data-elementor-type=\"wp-page\" data-elementor-id=\"7004\" class=\"elementor elementor-7004\">\n\t\t\t\t\t\t<section class=\"elementor-section elementor-top-section elementor-element elementor-element-1249dea elementor-section-boxed elementor-section-height-default elementor-section-height-default\" data-id=\"1249dea\" data-element_type=\"section\" data-e-type=\"section\">\n\t\t\t\t\t\t<div class=\"elementor-container elementor-column-gap-default\">\n\t\t\t\t\t<div class=\"elementor-column elementor-col-100 elementor-top-column elementor-element elementor-element-a10b6b2\" data-id=\"a10b6b2\" data-element_type=\"column\" data-e-type=\"column\">\n\t\t\t<div class=\"elementor-widget-wrap elementor-element-populated\">\n\t\t\t\t\t\t<div class=\"elementor-element elementor-element-65d80f4 elementor-widget elementor-widget-image\" data-id=\"65d80f4\" data-element_type=\"widget\" data-e-type=\"widget\" data-widget_type=\"image.default\">\n\t\t\t\t<div class=\"elementor-widget-container\">\n\t\t\t\t\t\t\t\t\t\t\t\t\t\t\t<img fetchpriority=\"high\" decoding=\"async\" width=\"199\" height=\"300\" src=\"https:\/\/www.stj.cv\/wp-content\/uploads\/2023\/08\/4_DSC_0017-199x300.jpg\" class=\"attachment-medium size-medium wp-image-6454\" alt=\"\" srcset=\"https:\/\/www.stj.cv\/wp-content\/uploads\/2023\/08\/4_DSC_0017-199x300.jpg 199w, https:\/\/www.stj.cv\/wp-content\/uploads\/2023\/08\/4_DSC_0017-678x1024.jpg 678w, https:\/\/www.stj.cv\/wp-content\/uploads\/2023\/08\/4_DSC_0017-768x1160.jpg 768w, https:\/\/www.stj.cv\/wp-content\/uploads\/2023\/08\/4_DSC_0017-1017x1536.jpg 1017w, https:\/\/www.stj.cv\/wp-content\/uploads\/2023\/08\/4_DSC_0017-1356x2048.jpg 1356w, https:\/\/www.stj.cv\/wp-content\/uploads\/2023\/08\/4_DSC_0017-600x906.jpg 600w, https:\/\/www.stj.cv\/wp-content\/uploads\/2023\/08\/4_DSC_0017-scaled.jpg 1696w\" sizes=\"(max-width: 199px) 100vw, 199px\" \/>\t\t\t\t\t\t\t\t\t\t\t\t\t\t\t<\/div>\n\t\t\t\t<\/div>\n\t\t\t\t\t<\/div>\n\t\t<\/div>\n\t\t\t\t\t<\/div>\n\t\t<\/section>\n\t\t\t\t<section class=\"elementor-section elementor-top-section elementor-element elementor-element-c5efd27 elementor-section-boxed elementor-section-height-default elementor-section-height-default\" data-id=\"c5efd27\" data-element_type=\"section\" data-e-type=\"section\">\n\t\t\t\t\t\t<div class=\"elementor-container elementor-column-gap-default\">\n\t\t\t\t\t<div class=\"elementor-column elementor-col-100 elementor-top-column elementor-element elementor-element-073ef55\" data-id=\"073ef55\" data-element_type=\"column\" data-e-type=\"column\">\n\t\t\t<div class=\"elementor-widget-wrap elementor-element-populated\">\n\t\t\t\t\t\t<div class=\"elementor-element elementor-element-ded66d0 elementor-widget elementor-widget-text-editor\" data-id=\"ded66d0\" data-element_type=\"widget\" data-e-type=\"widget\" data-widget_type=\"text-editor.default\">\n\t\t\t\t<div class=\"elementor-widget-container\">\n\t\t\t\t\t\t\t\t\t<p><strong> Ju\u00edz Conselheiro Manuel Semedo<\/strong><\/p>\t\t\t\t\t\t\t\t<\/div>\n\t\t\t\t<\/div>\n\t\t\t\t\t<\/div>\n\t\t<\/div>\n\t\t\t\t\t<\/div>\n\t\t<\/section>\n\t\t\t\t<section class=\"elementor-section elementor-top-section elementor-element elementor-element-33d5431 elementor-section-boxed elementor-section-height-default elementor-section-height-default\" data-id=\"33d5431\" data-element_type=\"section\" data-e-type=\"section\">\n\t\t\t\t\t\t<div class=\"elementor-container elementor-column-gap-default\">\n\t\t\t\t\t<div class=\"elementor-column elementor-col-100 elementor-top-column elementor-element elementor-element-00fd77d\" data-id=\"00fd77d\" data-element_type=\"column\" data-e-type=\"column\">\n\t\t\t<div class=\"elementor-widget-wrap elementor-element-populated\">\n\t\t\t\t\t\t<div class=\"elementor-element elementor-element-30ec869 elementor-widget elementor-widget-text-editor\" data-id=\"30ec869\" data-element_type=\"widget\" data-e-type=\"widget\" data-widget_type=\"text-editor.default\">\n\t\t\t\t<div class=\"elementor-widget-container\">\n\t\t\t\t\t\t\t\t\t<p><strong>Nota Biogr\u00e1fica<\/strong><\/p>\t\t\t\t\t\t\t\t<\/div>\n\t\t\t\t<\/div>\n\t\t\t\t\t<\/div>\n\t\t<\/div>\n\t\t\t\t\t<\/div>\n\t\t<\/section>\n\t\t\t\t<section class=\"elementor-section elementor-top-section elementor-element elementor-element-f72988e elementor-section-boxed elementor-section-height-default elementor-section-height-default\" data-id=\"f72988e\" data-element_type=\"section\" data-e-type=\"section\">\n\t\t\t\t\t\t<div class=\"elementor-container elementor-column-gap-default\">\n\t\t\t\t\t<div class=\"elementor-column elementor-col-100 elementor-top-column elementor-element elementor-element-f355d09\" data-id=\"f355d09\" data-element_type=\"column\" data-e-type=\"column\">\n\t\t\t<div class=\"elementor-widget-wrap elementor-element-populated\">\n\t\t\t\t\t\t\t<\/div>\n\t\t<\/div>\n\t\t\t\t\t<\/div>\n\t\t<\/section>\n\t\t\t\t<section class=\"elementor-section elementor-top-section elementor-element elementor-element-9565d6f elementor-section-boxed elementor-section-height-default elementor-section-height-default\" data-id=\"9565d6f\" data-element_type=\"section\" data-e-type=\"section\">\n\t\t\t\t\t\t<div class=\"elementor-container elementor-column-gap-default\">\n\t\t\t\t\t<div class=\"elementor-column elementor-col-100 elementor-top-column elementor-element elementor-element-330ab78\" data-id=\"330ab78\" data-element_type=\"column\" data-e-type=\"column\">\n\t\t\t<div class=\"elementor-widget-wrap elementor-element-populated\">\n\t\t\t\t\t\t<div class=\"elementor-element elementor-element-2e5c82d elementor-widget elementor-widget-text-editor\" data-id=\"2e5c82d\" data-element_type=\"widget\" data-e-type=\"widget\" data-widget_type=\"text-editor.default\">\n\t\t\t\t<div class=\"elementor-widget-container\">\n\t\t\t\t\t\t\t\t\t<p>MANUEL ALFREDO MONTEIRO SEMEDO, nascido a 30 de Setembro de 1965, filho de Jovino Semedo e de Luisa Freire Monteiro, natural da Ilha de S. Tiago, Concelho e Freguesia de Santa Catarina, residente na cidade da Praia:<\/p><p>\u00a0<\/p><p>\u00a0<\/p><ol><li>A) FORMA\u00c7\u00c3O DE BASE:<\/li><\/ol><p>\u00a0<\/p><ul><li>1984 &#8211; 1986 &#8211; Professor Eventual da L\u00edngua Francesa na Escola Preparat\u00f3ria de Santa Catarina;<\/li><\/ul><p>\u00a0<\/p><ul><li>1986 &#8211; 1991 &#8211; Licenciatura em Direito pela Universidade Cl\u00e1ssica de Lisboa;<\/li><\/ul><p>\u00a0<\/p><p>\u00a0<\/p><ul><li>1991 &#8211; 1992 \u2013 Frequ\u00eancia do Curso de Forma\u00e7\u00e3o de Magistrados, no Centro de Estudos Judici\u00e1rios Portugu\u00eas, patrocinado pelo Minist\u00e9rio da Justi\u00e7a (doravante MJ);<\/li><\/ul><p>\u00a0<\/p><ol><li>B) DESEMPENHO PROFISSIONAL:<\/li><\/ol><p>\u00a0<\/p><ul><li>1992 &#8211; 1994 &#8211; Juiz de Direito de 3\u00aa Classe, colocado no Tribunal Judicial da Comarca do Fogo;<\/li><\/ul><p>\u00a0<\/p><ul><li>1994 &#8211; 1997 &#8211; Juiz de Direito, colocado no Tribunal Judicial da Comarca de Santa Catarina (Ju\u00edzo-C\u00edvel);<\/li><\/ul><p>\u00a0<\/p><ul><li>Est\u00e1gio de 1 m\u00eas no tribunal da Comarca de Cascais \u2013 Portugal, por determina\u00e7\u00e3o do Conselho Superior da Magistratura Judicial (doravante CSMJ);<\/li><\/ul><p>\u00a0<\/p><p>\u00a0<\/p><ul><li>1997 &#8211; 2003 &#8211; Juiz de Direito de 2\u00aa Classe, colocado no Tribunal Judicial da Comarca da Praia (Ju\u00edzo-C\u00edvel),<\/li><\/ul><p>\u00a0<\/p><ul><li>1998\/1999 &#8211; Formador no Curso de Direito Civil para Oficiais de Justi\u00e7a, conforme indigita\u00e7\u00e3o do CSMJ;<\/li><\/ul><p>\u00a0<\/p><ul><li>2008 \u2013 Promovido a Juiz-Desembargador;<\/li><\/ul><p>\u00a0<\/p><ul><li>2003 \u2013 2009 \u2013 Juiz Conselheiro do Supremo Tribunal de Justi\u00e7a, eleito pelo Conselho Superior da Magistratura Judicial;<\/li><\/ul><p>\u00a0<\/p><ul><li>2009 \u2013 2013 \u2013 Juiz Conselheiro do Supremo Tribunal de Justi\u00e7a, eleito pelo Conselho Superior da Magistratura Judicial;<\/li><\/ul><p>\u00a0<\/p><ul><li>2014 \u2013 Promovido, por concurso p\u00fablico, \u00e0 categoria de Juiz-Conselheiro e colocado no Supremo Tribunal de Justi\u00e7a.<\/li><\/ul><p>\u00a0<\/p><p>\u00a0<\/p><p>\u00a0<\/p><p>\u00a0<\/p><p>Praia, 27 Outubro de 2013.<\/p><p>\u00a0<\/p><p>\/Manuel Alfredo Monteiro Semedo\/<\/p>\t\t\t\t\t\t\t\t<\/div>\n\t\t\t\t<\/div>\n\t\t\t\t\t<\/div>\n\t\t<\/div>\n\t\t\t\t\t<\/div>\n\t\t<\/section>\n\t\t\t\t<\/div>\n\t\t","protected":false},"excerpt":{"rendered":"<p>Ju\u00edz Conselheiro Manuel Semedo Nota Biogr\u00e1fica MANUEL ALFREDO MONTEIRO SEMEDO, nascido a 30 de Setembro de 1965, filho de Jovino Semedo e de Luisa Freire Monteiro, natural da Ilha de S. Tiago, Concelho e Freguesia de Santa Catarina, residente na cidade da Praia: \u00a0 \u00a0 A) FORMA\u00c7\u00c3O DE BASE: \u00a0 1984 &#8211; 1986 &#8211; Professor [&hellip;]<\/p>\n","protected":false},"author":2,"featured_media":0,"parent":0,"menu_order":0,"comment_status":"closed","ping_status":"closed","template":"","meta":{"footnotes":""},"class_list":["post-7004","page","type-page","status-publish","hentry"],"jetpack_sharing_enabled":true,"_links":{"self":[{"href":"https:\/\/www.stj.cv\/index.php\/wp-json\/wp\/v2\/pages\/7004","targetHints":{"allow":["GET"]}}],"collection":[{"href":"https:\/\/www.stj.cv\/index.php\/wp-json\/wp\/v2\/pages"}],"about":[{"href":"https:\/\/www.stj.cv\/index.php\/wp-json\/wp\/v2\/types\/page"}],"author":[{"embeddable":true,"href":"https:\/\/www.stj.cv\/index.php\/wp-json\/wp\/v2\/users\/2"}],"replies":[{"embeddable":true,"href":"https:\/\/www.stj.cv\/index.php\/wp-json\/wp\/v2\/comments?post=7004"}],"version-history":[{"count":25,"href":"https:\/\/www.stj.cv\/index.php\/wp-json\/wp\/v2\/pages\/7004\/revisions"}],"predecessor-version":[{"id":9021,"href":"https:\/\/www.stj.cv\/index.php\/wp-json\/wp\/v2\/pages\/7004\/revisions\/9021"}],"wp:attachment":[{"href":"https:\/\/www.stj.cv\/index.php\/wp-json\/wp\/v2\/media?parent=7004"}],"curies":[{"name":"wp","href":"https:\/\/api.w.org\/{rel}","templated":true}]}}