{"id":6684,"date":"2023-09-19T10:22:39","date_gmt":"2023-09-19T10:22:39","guid":{"rendered":"http:\/\/167.86.89.214\/stj.cv\/?page_id=6684"},"modified":"2023-11-02T09:07:47","modified_gmt":"2023-11-02T10:07:47","slug":"conselheira-evora","status":"publish","type":"page","link":"https:\/\/www.stj.cv\/index.php\/conselheira-evora\/","title":{"rendered":"Conselheira \u00c9vora"},"content":{"rendered":"\t\t<div data-elementor-type=\"wp-page\" data-elementor-id=\"6684\" class=\"elementor elementor-6684\">\n\t\t\t\t\t\t<section class=\"elementor-section elementor-top-section elementor-element elementor-element-b06619d elementor-section-boxed elementor-section-height-default elementor-section-height-default\" data-id=\"b06619d\" data-element_type=\"section\" data-e-type=\"section\">\n\t\t\t\t\t\t<div class=\"elementor-container elementor-column-gap-default\">\n\t\t\t\t\t<div class=\"elementor-column elementor-col-100 elementor-top-column elementor-element elementor-element-dfa7d9b\" data-id=\"dfa7d9b\" data-element_type=\"column\" data-e-type=\"column\">\n\t\t\t<div class=\"elementor-widget-wrap elementor-element-populated\">\n\t\t\t\t\t\t<div class=\"elementor-element elementor-element-e1d7567 elementor-widget elementor-widget-image\" data-id=\"e1d7567\" data-element_type=\"widget\" data-e-type=\"widget\" data-widget_type=\"image.default\">\n\t\t\t\t<div class=\"elementor-widget-container\">\n\t\t\t\t\t\t\t\t\t\t\t\t\t\t\t<img fetchpriority=\"high\" decoding=\"async\" width=\"199\" height=\"300\" src=\"https:\/\/www.stj.cv\/wp-content\/uploads\/2023\/09\/4_DSC_9994-199x300.jpg\" class=\"attachment-medium size-medium wp-image-6982\" alt=\"\" srcset=\"https:\/\/www.stj.cv\/wp-content\/uploads\/2023\/09\/4_DSC_9994-199x300.jpg 199w, https:\/\/www.stj.cv\/wp-content\/uploads\/2023\/09\/4_DSC_9994-678x1024.jpg 678w, https:\/\/www.stj.cv\/wp-content\/uploads\/2023\/09\/4_DSC_9994-768x1160.jpg 768w, https:\/\/www.stj.cv\/wp-content\/uploads\/2023\/09\/4_DSC_9994-1017x1536.jpg 1017w, https:\/\/www.stj.cv\/wp-content\/uploads\/2023\/09\/4_DSC_9994-1356x2048.jpg 1356w, https:\/\/www.stj.cv\/wp-content\/uploads\/2023\/09\/4_DSC_9994-600x906.jpg 600w, https:\/\/www.stj.cv\/wp-content\/uploads\/2023\/09\/4_DSC_9994-scaled.jpg 1696w\" sizes=\"(max-width: 199px) 100vw, 199px\" \/>\t\t\t\t\t\t\t\t\t\t\t\t\t\t\t<\/div>\n\t\t\t\t<\/div>\n\t\t\t\t\t<\/div>\n\t\t<\/div>\n\t\t\t\t\t<\/div>\n\t\t<\/section>\n\t\t\t\t<section class=\"elementor-section elementor-top-section elementor-element elementor-element-530d67a elementor-section-boxed elementor-section-height-default elementor-section-height-default\" data-id=\"530d67a\" data-element_type=\"section\" data-e-type=\"section\">\n\t\t\t\t\t\t<div class=\"elementor-container elementor-column-gap-default\">\n\t\t\t\t\t<div class=\"elementor-column elementor-col-100 elementor-top-column elementor-element elementor-element-ef1b1a6\" data-id=\"ef1b1a6\" data-element_type=\"column\" data-e-type=\"column\">\n\t\t\t<div class=\"elementor-widget-wrap elementor-element-populated\">\n\t\t\t\t\t\t<div class=\"elementor-element elementor-element-16003c5 elementor-widget elementor-widget-text-editor\" data-id=\"16003c5\" data-element_type=\"widget\" data-e-type=\"widget\" data-widget_type=\"text-editor.default\">\n\t\t\t\t<div class=\"elementor-widget-container\">\n\t\t\t\t\t\t\t\t\t<p><strong>Ju\u00edza Conselheira Teresa \u00c9vora<\/strong><\/p>\t\t\t\t\t\t\t\t<\/div>\n\t\t\t\t<\/div>\n\t\t\t\t\t<\/div>\n\t\t<\/div>\n\t\t\t\t\t<\/div>\n\t\t<\/section>\n\t\t\t\t<section class=\"elementor-section elementor-top-section elementor-element elementor-element-e708e4f elementor-section-boxed elementor-section-height-default elementor-section-height-default\" data-id=\"e708e4f\" data-element_type=\"section\" data-e-type=\"section\">\n\t\t\t\t\t\t<div class=\"elementor-container elementor-column-gap-default\">\n\t\t\t\t\t<div class=\"elementor-column elementor-col-100 elementor-top-column elementor-element elementor-element-0153b1e\" data-id=\"0153b1e\" data-element_type=\"column\" data-e-type=\"column\">\n\t\t\t<div class=\"elementor-widget-wrap elementor-element-populated\">\n\t\t\t\t\t\t<div class=\"elementor-element elementor-element-35a7a4f elementor-widget elementor-widget-text-editor\" data-id=\"35a7a4f\" data-element_type=\"widget\" data-e-type=\"widget\" data-widget_type=\"text-editor.default\">\n\t\t\t\t<div class=\"elementor-widget-container\">\n\t\t\t\t\t\t\t\t\t<p><strong>Nota Biogr\u00e1fica<\/strong><\/p>\t\t\t\t\t\t\t\t<\/div>\n\t\t\t\t<\/div>\n\t\t\t\t\t<\/div>\n\t\t<\/div>\n\t\t\t\t\t<\/div>\n\t\t<\/section>\n\t\t\t\t<section class=\"elementor-section elementor-top-section elementor-element elementor-element-44e51a6 elementor-section-boxed elementor-section-height-default elementor-section-height-default\" data-id=\"44e51a6\" data-element_type=\"section\" data-e-type=\"section\">\n\t\t\t\t\t\t<div class=\"elementor-container elementor-column-gap-default\">\n\t\t\t\t\t<div class=\"elementor-column elementor-col-100 elementor-top-column elementor-element elementor-element-883488b\" data-id=\"883488b\" data-element_type=\"column\" data-e-type=\"column\">\n\t\t\t<div class=\"elementor-widget-wrap elementor-element-populated\">\n\t\t\t\t\t\t<div class=\"elementor-element elementor-element-56da7a6 elementor-widget elementor-widget-text-editor\" data-id=\"56da7a6\" data-element_type=\"widget\" data-e-type=\"widget\" data-widget_type=\"text-editor.default\">\n\t\t\t\t<div class=\"elementor-widget-container\">\n\t\t\t\t\t\t\t\t\t<div style=\"text-align: justify;\">Nasceu em 28 de Novembro de 1960 na cidade da Praia.<p>Frequentou o ensino secund\u00e1rio em Mo\u00e7ambique e Cabo Verde.<\/p><p>Licenciou-se em Direito pela Faculdade de Direito da Universidade Cl\u00e1ssica de Lisboa em 1983.<\/p><p>De 1983 a 1985 exerceu fun\u00e7\u00f5es de t\u00e9cnica superior no Gabinete de Estudos Legisla\u00e7\u00e3o e Documenta\u00e7\u00e3o do Minist\u00e9rio da Justi\u00e7a e posteriormente de assessora do titular da pasta.<\/p><p>De 1985 a 1986 assessorou o Ministro da Informa\u00e7\u00e3o, Cultura e Desportos.<\/p><p>Em 1986 frequentou o Centro de Estudos Judici\u00e1rios em Portugal. Em 1987 ingressou na carreira da Magistratura Judicial, colocada no Tribunal da Comarca de S. Catarina como Juiz de Direito.<\/p><p>De 1990 a 1996 exerceu a judicatura no 1\u00ba Ju\u00edzo C\u00edvel do Tribunal da Comarca da Praia. Nessa altura presidiu o Conselho de Comunica\u00e7\u00e3o Social, (1992 a 1994).<\/p><p>Em 1996 foi nomeada Inspectora Superior Judicial e, por iner\u00eancia do cargo, membro do Conselho Superior da Magistratura Judicial, at\u00e9 ao ano de 1998.<\/p><p>Em 1998 foi eleita pelo Conselho Superior da Magistratura Judicial para integrar o Supremo Tribunal de Justi\u00e7a como Juiz Conselheiro, em regime de mandato, findo o qual foi promovida a Juiz Desembargador.<\/p><p>De 2003 a 2009, em situa\u00e7\u00e3o de licen\u00e7a, exerceu advocacia e consultoria, ap\u00f3s o que reingressou na carreira da magistratura judicial, colocada no Ju\u00edzo de Trabalho da Tribunal da Comarca da Praia.<\/p><p>Em 2012 foi nomeada pelo Presidente da Rep\u00fablica para integrar o Conselho Superior da Magistratura Judicial, tendo sido eleita Presidente desse \u00f3rg\u00e3o para um mandato de cinco anos.<\/p><p>Em 2014 foi promovida, por concurso p\u00fablico, \u00e0 categoria de Juiz Conselheiro, na sequ\u00eancia da reformula\u00e7\u00e3o da carreira da Magistratura Judicial.<\/p><p>Desde Outubro de 2017 integra o colectivo de Ju\u00edzes do Supremo Tribunal de Justi\u00e7a, destacada para a sec\u00e7\u00e3o c\u00edvel deste Tribunal.<\/p><p>\u00a0<\/p><p>Como t\u00e9cnica superior do Gabinete de Estudos, Legisla\u00e7\u00e3o, e Documenta\u00e7\u00e3o do Minist\u00e9rio da Justi\u00e7a, participou na elabora\u00e7\u00e3o e deu pareceres sobre diplomas estruturantes da Administra\u00e7\u00e3o P\u00fablica e do sector da Justi\u00e7a Cabo-verdiana.<\/p><p>Frequentou o Curso para Quadros Dirigentes da Administra\u00e7\u00e3o P\u00fablica em 1985.<\/p><p>Integrou a 1\u00aa Comiss\u00e3o de Acompanhamento da Reforma do C\u00f3digo de Processo Civil, designada pelo Ministro da Justi\u00e7a-1995\/2001.<\/p><p>No exerc\u00edcio da advocacia foi membro da equipa encarregada de preparar os diplomas de Revis\u00e3o e Regulamenta\u00e7\u00e3o da Legisla\u00e7\u00e3o sobre o Ambiente, e designadamente o Regime Jur\u00eddico de Avalia\u00e7\u00e3o do Impacto Ambiental, dos projectos p\u00fablicos e privados suscept\u00edveis de produzirem efeitos no ambiente, aprovado pelo DL 29\/2006, de 6 de Mar\u00e7o.<\/p><\/div>\t\t\t\t\t\t\t\t<\/div>\n\t\t\t\t<\/div>\n\t\t\t\t\t<\/div>\n\t\t<\/div>\n\t\t\t\t\t<\/div>\n\t\t<\/section>\n\t\t\t\t<\/div>\n\t\t","protected":false},"excerpt":{"rendered":"<p>Ju\u00edza Conselheira Teresa \u00c9vora Nota Biogr\u00e1fica Nasceu em 28 de Novembro de 1960 na cidade da Praia. Frequentou o ensino secund\u00e1rio em Mo\u00e7ambique e Cabo Verde. Licenciou-se em Direito pela Faculdade de Direito da Universidade Cl\u00e1ssica de Lisboa em 1983. De 1983 a 1985 exerceu fun\u00e7\u00f5es de t\u00e9cnica superior no Gabinete de Estudos Legisla\u00e7\u00e3o e [&hellip;]<\/p>\n","protected":false},"author":2,"featured_media":0,"parent":0,"menu_order":0,"comment_status":"closed","ping_status":"closed","template":"","meta":{"footnotes":""},"class_list":["post-6684","page","type-page","status-publish","hentry"],"jetpack_sharing_enabled":true,"_links":{"self":[{"href":"https:\/\/www.stj.cv\/index.php\/wp-json\/wp\/v2\/pages\/6684","targetHints":{"allow":["GET"]}}],"collection":[{"href":"https:\/\/www.stj.cv\/index.php\/wp-json\/wp\/v2\/pages"}],"about":[{"href":"https:\/\/www.stj.cv\/index.php\/wp-json\/wp\/v2\/types\/page"}],"author":[{"embeddable":true,"href":"https:\/\/www.stj.cv\/index.php\/wp-json\/wp\/v2\/users\/2"}],"replies":[{"embeddable":true,"href":"https:\/\/www.stj.cv\/index.php\/wp-json\/wp\/v2\/comments?post=6684"}],"version-history":[{"count":37,"href":"https:\/\/www.stj.cv\/index.php\/wp-json\/wp\/v2\/pages\/6684\/revisions"}],"predecessor-version":[{"id":9116,"href":"https:\/\/www.stj.cv\/index.php\/wp-json\/wp\/v2\/pages\/6684\/revisions\/9116"}],"wp:attachment":[{"href":"https:\/\/www.stj.cv\/index.php\/wp-json\/wp\/v2\/media?parent=6684"}],"curies":[{"name":"wp","href":"https:\/\/api.w.org\/{rel}","templated":true}]}}