{"id":6314,"date":"2023-08-08T16:16:15","date_gmt":"2023-08-08T16:16:15","guid":{"rendered":"http:\/\/167.86.89.214\/stj.cv\/?page_id=6314"},"modified":"2023-11-03T15:44:51","modified_gmt":"2023-11-03T16:44:51","slug":"galeria-dos-presidentes","status":"publish","type":"page","link":"https:\/\/www.stj.cv\/index.php\/galeria-dos-presidentes\/","title":{"rendered":"Galeria dos Presidentes"},"content":{"rendered":"\t\t<div data-elementor-type=\"wp-page\" data-elementor-id=\"6314\" class=\"elementor elementor-6314\">\n\t\t\t\t\t\t<section class=\"elementor-section elementor-top-section elementor-element elementor-element-a9a0166 elementor-section-boxed elementor-section-height-default elementor-section-height-default\" data-id=\"a9a0166\" data-element_type=\"section\" data-e-type=\"section\">\n\t\t\t\t\t\t<div class=\"elementor-container elementor-column-gap-default\">\n\t\t\t\t\t<div class=\"elementor-column elementor-col-100 elementor-top-column elementor-element elementor-element-3dfe497\" data-id=\"3dfe497\" data-element_type=\"column\" data-e-type=\"column\">\n\t\t\t<div class=\"elementor-widget-wrap elementor-element-populated\">\n\t\t\t\t\t\t<div class=\"elementor-element elementor-element-0c3b531 elementor-widget elementor-widget-text-editor\" data-id=\"0c3b531\" data-element_type=\"widget\" data-e-type=\"widget\" data-widget_type=\"text-editor.default\">\n\t\t\t\t<div class=\"elementor-widget-container\">\n\t\t\t\t\t\t\t\t\t<h4>GALERIA DOS PRESIDENTES<\/h4>\t\t\t\t\t\t\t\t<\/div>\n\t\t\t\t<\/div>\n\t\t\t\t\t<\/div>\n\t\t<\/div>\n\t\t\t\t\t<\/div>\n\t\t<\/section>\n\t\t\t\t<section class=\"elementor-section elementor-top-section elementor-element elementor-element-7e2dc4a elementor-section-boxed elementor-section-height-default elementor-section-height-default\" data-id=\"7e2dc4a\" data-element_type=\"section\" data-e-type=\"section\">\n\t\t\t\t\t\t<div class=\"elementor-container elementor-column-gap-default\">\n\t\t\t\t\t<div class=\"elementor-column elementor-col-25 elementor-top-column elementor-element elementor-element-eb5e7db\" data-id=\"eb5e7db\" data-element_type=\"column\" data-e-type=\"column\">\n\t\t\t<div class=\"elementor-widget-wrap elementor-element-populated\">\n\t\t\t\t\t\t<div class=\"elementor-element elementor-element-71f7992 elementor-widget elementor-widget-image\" data-id=\"71f7992\" data-element_type=\"widget\" data-e-type=\"widget\" data-widget_type=\"image.default\">\n\t\t\t\t<div class=\"elementor-widget-container\">\n\t\t\t\t\t\t\t\t\t\t\t\t\t\t\t<img fetchpriority=\"high\" decoding=\"async\" width=\"683\" height=\"1024\" src=\"https:\/\/www.stj.cv\/wp-content\/uploads\/2023\/08\/4_DSC_0012-683x1024.jpg\" class=\"attachment-large size-large wp-image-6467\" alt=\"\" srcset=\"https:\/\/www.stj.cv\/wp-content\/uploads\/2023\/08\/4_DSC_0012-683x1024.jpg 683w, https:\/\/www.stj.cv\/wp-content\/uploads\/2023\/08\/4_DSC_0012-200x300.jpg 200w, https:\/\/www.stj.cv\/wp-content\/uploads\/2023\/08\/4_DSC_0012-768x1152.jpg 768w, https:\/\/www.stj.cv\/wp-content\/uploads\/2023\/08\/4_DSC_0012-1024x1536.jpg 1024w, https:\/\/www.stj.cv\/wp-content\/uploads\/2023\/08\/4_DSC_0012-1365x2048.jpg 1365w, https:\/\/www.stj.cv\/wp-content\/uploads\/2023\/08\/4_DSC_0012-600x900.jpg 600w, https:\/\/www.stj.cv\/wp-content\/uploads\/2023\/08\/4_DSC_0012-scaled.jpg 1707w\" sizes=\"(max-width: 683px) 100vw, 683px\" \/>\t\t\t\t\t\t\t\t\t\t\t\t\t\t\t<\/div>\n\t\t\t\t<\/div>\n\t\t\t\t<div class=\"elementor-element elementor-element-0886b7c elementor-widget elementor-widget-text-editor\" data-id=\"0886b7c\" data-element_type=\"widget\" data-e-type=\"widget\" data-widget_type=\"text-editor.default\">\n\t\t\t\t<div class=\"elementor-widget-container\">\n\t\t\t\t\t\t\t\t\t<p><strong>Raul Querido Varela<\/strong><br><strong>(1975-1976)<\/strong><\/p>\t\t\t\t\t\t\t\t<\/div>\n\t\t\t\t<\/div>\n\t\t\t\t\t<\/div>\n\t\t<\/div>\n\t\t\t\t<div class=\"elementor-column elementor-col-25 elementor-top-column elementor-element elementor-element-10294b5\" data-id=\"10294b5\" data-element_type=\"column\" data-e-type=\"column\">\n\t\t\t<div class=\"elementor-widget-wrap elementor-element-populated\">\n\t\t\t\t\t\t<div class=\"elementor-element elementor-element-a8a38cf elementor-widget elementor-widget-image\" data-id=\"a8a38cf\" data-element_type=\"widget\" data-e-type=\"widget\" data-widget_type=\"image.default\">\n\t\t\t\t<div class=\"elementor-widget-container\">\n\t\t\t\t\t\t\t\t\t\t\t\t\t\t\t<img decoding=\"async\" width=\"683\" height=\"1024\" src=\"https:\/\/www.stj.cv\/wp-content\/uploads\/2023\/08\/4_DSC_0010-683x1024.jpg\" class=\"attachment-large size-large wp-image-6471\" alt=\"\" srcset=\"https:\/\/www.stj.cv\/wp-content\/uploads\/2023\/08\/4_DSC_0010-683x1024.jpg 683w, https:\/\/www.stj.cv\/wp-content\/uploads\/2023\/08\/4_DSC_0010-200x300.jpg 200w, https:\/\/www.stj.cv\/wp-content\/uploads\/2023\/08\/4_DSC_0010-768x1152.jpg 768w, https:\/\/www.stj.cv\/wp-content\/uploads\/2023\/08\/4_DSC_0010-1024x1536.jpg 1024w, https:\/\/www.stj.cv\/wp-content\/uploads\/2023\/08\/4_DSC_0010-1365x2048.jpg 1365w, https:\/\/www.stj.cv\/wp-content\/uploads\/2023\/08\/4_DSC_0010-600x900.jpg 600w, https:\/\/www.stj.cv\/wp-content\/uploads\/2023\/08\/4_DSC_0010-scaled.jpg 1707w\" sizes=\"(max-width: 683px) 100vw, 683px\" \/>\t\t\t\t\t\t\t\t\t\t\t\t\t\t\t<\/div>\n\t\t\t\t<\/div>\n\t\t\t\t<div class=\"elementor-element elementor-element-185e32e elementor-widget elementor-widget-text-editor\" data-id=\"185e32e\" data-element_type=\"widget\" data-e-type=\"widget\" data-widget_type=\"text-editor.default\">\n\t\t\t\t<div class=\"elementor-widget-container\">\n\t\t\t\t\t\t\t\t\t<p><strong>Manuel de Jesus M.Duarte<\/strong><\/p><p><strong>(1976-1980)<\/strong><\/p>\t\t\t\t\t\t\t\t<\/div>\n\t\t\t\t<\/div>\n\t\t\t\t\t<\/div>\n\t\t<\/div>\n\t\t\t\t<div class=\"elementor-column elementor-col-25 elementor-top-column elementor-element elementor-element-34480f4\" data-id=\"34480f4\" data-element_type=\"column\" data-e-type=\"column\">\n\t\t\t<div class=\"elementor-widget-wrap elementor-element-populated\">\n\t\t\t\t\t\t<div class=\"elementor-element elementor-element-9b4937b elementor-widget elementor-widget-image\" data-id=\"9b4937b\" data-element_type=\"widget\" data-e-type=\"widget\" data-widget_type=\"image.default\">\n\t\t\t\t<div class=\"elementor-widget-container\">\n\t\t\t\t\t\t\t\t\t\t\t\t\t\t\t<img decoding=\"async\" width=\"682\" height=\"1024\" src=\"https:\/\/www.stj.cv\/wp-content\/uploads\/2023\/08\/4_DSC_0008-682x1024.jpg\" class=\"attachment-large size-large wp-image-6472\" alt=\"\" srcset=\"https:\/\/www.stj.cv\/wp-content\/uploads\/2023\/08\/4_DSC_0008-682x1024.jpg 682w, https:\/\/www.stj.cv\/wp-content\/uploads\/2023\/08\/4_DSC_0008-200x300.jpg 200w, https:\/\/www.stj.cv\/wp-content\/uploads\/2023\/08\/4_DSC_0008-768x1152.jpg 768w, https:\/\/www.stj.cv\/wp-content\/uploads\/2023\/08\/4_DSC_0008-1024x1536.jpg 1024w, https:\/\/www.stj.cv\/wp-content\/uploads\/2023\/08\/4_DSC_0008-1365x2048.jpg 1365w, https:\/\/www.stj.cv\/wp-content\/uploads\/2023\/08\/4_DSC_0008-600x900.jpg 600w, https:\/\/www.stj.cv\/wp-content\/uploads\/2023\/08\/4_DSC_0008-scaled.jpg 1706w\" sizes=\"(max-width: 682px) 100vw, 682px\" \/>\t\t\t\t\t\t\t\t\t\t\t\t\t\t\t<\/div>\n\t\t\t\t<\/div>\n\t\t\t\t<div class=\"elementor-element elementor-element-ae6ac47 elementor-widget elementor-widget-text-editor\" data-id=\"ae6ac47\" data-element_type=\"widget\" data-e-type=\"widget\" data-widget_type=\"text-editor.default\">\n\t\t\t\t<div class=\"elementor-widget-container\">\n\t\t\t\t\t\t\t\t\t<p><strong>Ant\u00f3nio Manuel Mascarenhas G.Monteiro <\/strong><\/p>\n<p><strong>(1980-1989)<\/strong><\/p>\t\t\t\t\t\t\t\t<\/div>\n\t\t\t\t<\/div>\n\t\t\t\t\t<\/div>\n\t\t<\/div>\n\t\t\t\t<div class=\"elementor-column elementor-col-25 elementor-top-column elementor-element elementor-element-cbf9140\" data-id=\"cbf9140\" data-element_type=\"column\" data-e-type=\"column\">\n\t\t\t<div class=\"elementor-widget-wrap elementor-element-populated\">\n\t\t\t\t\t\t<div class=\"elementor-element elementor-element-b1ee740 elementor-widget elementor-widget-image\" data-id=\"b1ee740\" data-element_type=\"widget\" data-e-type=\"widget\" data-widget_type=\"image.default\">\n\t\t\t\t<div class=\"elementor-widget-container\">\n\t\t\t\t\t\t\t\t\t\t\t\t\t\t\t<img loading=\"lazy\" decoding=\"async\" width=\"683\" height=\"1024\" src=\"https:\/\/www.stj.cv\/wp-content\/uploads\/2023\/08\/4_DSC_0007-683x1024.jpg\" class=\"attachment-large size-large wp-image-6473\" alt=\"\" srcset=\"https:\/\/www.stj.cv\/wp-content\/uploads\/2023\/08\/4_DSC_0007-683x1024.jpg 683w, https:\/\/www.stj.cv\/wp-content\/uploads\/2023\/08\/4_DSC_0007-200x300.jpg 200w, https:\/\/www.stj.cv\/wp-content\/uploads\/2023\/08\/4_DSC_0007-768x1152.jpg 768w, https:\/\/www.stj.cv\/wp-content\/uploads\/2023\/08\/4_DSC_0007-1024x1536.jpg 1024w, https:\/\/www.stj.cv\/wp-content\/uploads\/2023\/08\/4_DSC_0007-1365x2048.jpg 1365w, https:\/\/www.stj.cv\/wp-content\/uploads\/2023\/08\/4_DSC_0007-600x900.jpg 600w, https:\/\/www.stj.cv\/wp-content\/uploads\/2023\/08\/4_DSC_0007-scaled.jpg 1707w\" sizes=\"(max-width: 683px) 100vw, 683px\" \/>\t\t\t\t\t\t\t\t\t\t\t\t\t\t\t<\/div>\n\t\t\t\t<\/div>\n\t\t\t\t<div class=\"elementor-element elementor-element-3886c2a elementor-widget elementor-widget-text-editor\" data-id=\"3886c2a\" data-element_type=\"widget\" data-e-type=\"widget\" data-widget_type=\"text-editor.default\">\n\t\t\t\t<div class=\"elementor-widget-container\">\n\t\t\t\t\t\t\t\t\t<p><strong>C\u00e9sar Augusto M.Fernandes<\/strong><\/p><p><strong>(1990-1991)<\/strong><\/p>\t\t\t\t\t\t\t\t<\/div>\n\t\t\t\t<\/div>\n\t\t\t\t\t<\/div>\n\t\t<\/div>\n\t\t\t\t\t<\/div>\n\t\t<\/section>\n\t\t\t\t<section class=\"elementor-section elementor-top-section elementor-element elementor-element-fe0b842 elementor-section-boxed elementor-section-height-default elementor-section-height-default\" data-id=\"fe0b842\" data-element_type=\"section\" data-e-type=\"section\">\n\t\t\t\t\t\t<div class=\"elementor-container elementor-column-gap-default\">\n\t\t\t\t\t<div class=\"elementor-column elementor-col-25 elementor-top-column elementor-element elementor-element-be2648c\" data-id=\"be2648c\" data-element_type=\"column\" data-e-type=\"column\">\n\t\t\t<div class=\"elementor-widget-wrap elementor-element-populated\">\n\t\t\t\t\t\t<div class=\"elementor-element elementor-element-6823385 elementor-widget elementor-widget-image\" data-id=\"6823385\" data-element_type=\"widget\" data-e-type=\"widget\" data-widget_type=\"image.default\">\n\t\t\t\t<div class=\"elementor-widget-container\">\n\t\t\t\t\t\t\t\t\t\t\t\t\t\t\t<img loading=\"lazy\" decoding=\"async\" width=\"682\" height=\"1024\" src=\"https:\/\/www.stj.cv\/wp-content\/uploads\/2023\/08\/4_DSC_0005-682x1024.jpg\" class=\"attachment-large size-large wp-image-6474\" alt=\"\" srcset=\"https:\/\/www.stj.cv\/wp-content\/uploads\/2023\/08\/4_DSC_0005-682x1024.jpg 682w, https:\/\/www.stj.cv\/wp-content\/uploads\/2023\/08\/4_DSC_0005-200x300.jpg 200w, https:\/\/www.stj.cv\/wp-content\/uploads\/2023\/08\/4_DSC_0005-768x1152.jpg 768w, https:\/\/www.stj.cv\/wp-content\/uploads\/2023\/08\/4_DSC_0005-1024x1536.jpg 1024w, https:\/\/www.stj.cv\/wp-content\/uploads\/2023\/08\/4_DSC_0005-1365x2048.jpg 1365w, https:\/\/www.stj.cv\/wp-content\/uploads\/2023\/08\/4_DSC_0005-600x900.jpg 600w, https:\/\/www.stj.cv\/wp-content\/uploads\/2023\/08\/4_DSC_0005-scaled.jpg 1706w\" sizes=\"(max-width: 682px) 100vw, 682px\" \/>\t\t\t\t\t\t\t\t\t\t\t\t\t\t\t<\/div>\n\t\t\t\t<\/div>\n\t\t\t\t<div class=\"elementor-element elementor-element-2377a8e elementor-widget elementor-widget-text-editor\" data-id=\"2377a8e\" data-element_type=\"widget\" data-e-type=\"widget\" data-widget_type=\"text-editor.default\">\n\t\t\t\t<div class=\"elementor-widget-container\">\n\t\t\t\t\t\t\t\t\t<p><strong>\u00d3scar Alexandre Silva Gomes<\/strong><\/p><p><strong>(1991-2003)<\/strong><\/p>\t\t\t\t\t\t\t\t<\/div>\n\t\t\t\t<\/div>\n\t\t\t\t\t<\/div>\n\t\t<\/div>\n\t\t\t\t<div class=\"elementor-column elementor-col-25 elementor-top-column elementor-element elementor-element-63c1604\" data-id=\"63c1604\" data-element_type=\"column\" data-e-type=\"column\">\n\t\t\t<div class=\"elementor-widget-wrap elementor-element-populated\">\n\t\t\t\t\t\t<div class=\"elementor-element elementor-element-2ec182c elementor-widget elementor-widget-image\" data-id=\"2ec182c\" data-element_type=\"widget\" data-e-type=\"widget\" data-widget_type=\"image.default\">\n\t\t\t\t<div class=\"elementor-widget-container\">\n\t\t\t\t\t\t\t\t\t\t\t\t\t\t\t<img loading=\"lazy\" decoding=\"async\" width=\"683\" height=\"1024\" src=\"https:\/\/www.stj.cv\/wp-content\/uploads\/2023\/08\/4_DSC_0004-683x1024.jpg\" class=\"attachment-large size-large wp-image-6475\" alt=\"\" srcset=\"https:\/\/www.stj.cv\/wp-content\/uploads\/2023\/08\/4_DSC_0004-683x1024.jpg 683w, https:\/\/www.stj.cv\/wp-content\/uploads\/2023\/08\/4_DSC_0004-200x300.jpg 200w, https:\/\/www.stj.cv\/wp-content\/uploads\/2023\/08\/4_DSC_0004-768x1152.jpg 768w, https:\/\/www.stj.cv\/wp-content\/uploads\/2023\/08\/4_DSC_0004-1024x1536.jpg 1024w, https:\/\/www.stj.cv\/wp-content\/uploads\/2023\/08\/4_DSC_0004-1365x2048.jpg 1365w, https:\/\/www.stj.cv\/wp-content\/uploads\/2023\/08\/4_DSC_0004-600x900.jpg 600w, https:\/\/www.stj.cv\/wp-content\/uploads\/2023\/08\/4_DSC_0004-scaled.jpg 1706w\" sizes=\"(max-width: 683px) 100vw, 683px\" \/>\t\t\t\t\t\t\t\t\t\t\t\t\t\t\t<\/div>\n\t\t\t\t<\/div>\n\t\t\t\t<div class=\"elementor-element elementor-element-db8dc99 elementor-widget elementor-widget-text-editor\" data-id=\"db8dc99\" data-element_type=\"widget\" data-e-type=\"widget\" data-widget_type=\"text-editor.default\">\n\t\t\t\t<div class=\"elementor-widget-container\">\n\t\t\t\t\t\t\t\t\t<p><strong>Benfeito Mosso Ramos<\/strong><\/p><p><strong>(2003-2009)<\/strong><\/p>\t\t\t\t\t\t\t\t<\/div>\n\t\t\t\t<\/div>\n\t\t\t\t\t<\/div>\n\t\t<\/div>\n\t\t\t\t<div class=\"elementor-column elementor-col-25 elementor-top-column elementor-element elementor-element-e8ff5a0\" data-id=\"e8ff5a0\" data-element_type=\"column\" data-e-type=\"column\">\n\t\t\t<div class=\"elementor-widget-wrap elementor-element-populated\">\n\t\t\t\t\t\t<div class=\"elementor-element elementor-element-c25512b elementor-widget elementor-widget-image\" data-id=\"c25512b\" data-element_type=\"widget\" data-e-type=\"widget\" data-widget_type=\"image.default\">\n\t\t\t\t<div class=\"elementor-widget-container\">\n\t\t\t\t\t\t\t\t\t\t\t\t\t\t\t<img loading=\"lazy\" decoding=\"async\" width=\"682\" height=\"1024\" src=\"https:\/\/www.stj.cv\/wp-content\/uploads\/2023\/10\/Dr-Arlindo-Medina-1-682x1024.jpg\" class=\"attachment-large size-large wp-image-7769\" alt=\"\" srcset=\"https:\/\/www.stj.cv\/wp-content\/uploads\/2023\/10\/Dr-Arlindo-Medina-1-682x1024.jpg 682w, https:\/\/www.stj.cv\/wp-content\/uploads\/2023\/10\/Dr-Arlindo-Medina-1-200x300.jpg 200w, https:\/\/www.stj.cv\/wp-content\/uploads\/2023\/10\/Dr-Arlindo-Medina-1-768x1152.jpg 768w, https:\/\/www.stj.cv\/wp-content\/uploads\/2023\/10\/Dr-Arlindo-Medina-1-1024x1536.jpg 1024w, https:\/\/www.stj.cv\/wp-content\/uploads\/2023\/10\/Dr-Arlindo-Medina-1-1365x2048.jpg 1365w, https:\/\/www.stj.cv\/wp-content\/uploads\/2023\/10\/Dr-Arlindo-Medina-1-600x900.jpg 600w, https:\/\/www.stj.cv\/wp-content\/uploads\/2023\/10\/Dr-Arlindo-Medina-1.jpg 1706w\" sizes=\"(max-width: 682px) 100vw, 682px\" \/>\t\t\t\t\t\t\t\t\t\t\t\t\t\t\t<\/div>\n\t\t\t\t<\/div>\n\t\t\t\t<div class=\"elementor-element elementor-element-17e68c9 elementor-widget elementor-widget-text-editor\" data-id=\"17e68c9\" data-element_type=\"widget\" data-e-type=\"widget\" data-widget_type=\"text-editor.default\">\n\t\t\t\t<div class=\"elementor-widget-container\">\n\t\t\t\t\t\t\t\t\t<p><strong>Arlindo Almeida Medina<\/strong><\/p><p><strong>(2009-2015)<\/strong><\/p>\t\t\t\t\t\t\t\t<\/div>\n\t\t\t\t<\/div>\n\t\t\t\t\t<\/div>\n\t\t<\/div>\n\t\t\t\t<div class=\"elementor-column elementor-col-25 elementor-top-column elementor-element elementor-element-d6e784b\" data-id=\"d6e784b\" data-element_type=\"column\" data-e-type=\"column\">\n\t\t\t<div class=\"elementor-widget-wrap elementor-element-populated\">\n\t\t\t\t\t\t<div class=\"elementor-element elementor-element-7c8fd92 elementor-widget elementor-widget-image\" data-id=\"7c8fd92\" data-element_type=\"widget\" data-e-type=\"widget\" data-widget_type=\"image.default\">\n\t\t\t\t<div class=\"elementor-widget-container\">\n\t\t\t\t\t\t\t\t\t\t\t\t\t\t\t<img loading=\"lazy\" decoding=\"async\" width=\"762\" height=\"1024\" src=\"https:\/\/www.stj.cv\/wp-content\/uploads\/2023\/11\/Dra-Coronel-1-762x1024.png\" class=\"attachment-large size-large wp-image-9222\" alt=\"\" srcset=\"https:\/\/www.stj.cv\/wp-content\/uploads\/2023\/11\/Dra-Coronel-1-762x1024.png 762w, https:\/\/www.stj.cv\/wp-content\/uploads\/2023\/11\/Dra-Coronel-1-223x300.png 223w, https:\/\/www.stj.cv\/wp-content\/uploads\/2023\/11\/Dra-Coronel-1-768x1033.png 768w, https:\/\/www.stj.cv\/wp-content\/uploads\/2023\/11\/Dra-Coronel-1-1142x1536.png 1142w, https:\/\/www.stj.cv\/wp-content\/uploads\/2023\/11\/Dra-Coronel-1-1523x2048.png 1523w, https:\/\/www.stj.cv\/wp-content\/uploads\/2023\/11\/Dra-Coronel-1-600x807.png 600w, https:\/\/www.stj.cv\/wp-content\/uploads\/2023\/11\/Dra-Coronel-1.png 1904w\" sizes=\"(max-width: 762px) 100vw, 762px\" \/>\t\t\t\t\t\t\t\t\t\t\t\t\t\t\t<\/div>\n\t\t\t\t<\/div>\n\t\t\t\t<div class=\"elementor-element elementor-element-8917562 elementor-widget elementor-widget-text-editor\" data-id=\"8917562\" data-element_type=\"widget\" data-e-type=\"widget\" data-widget_type=\"text-editor.default\">\n\t\t\t\t<div class=\"elementor-widget-container\">\n\t\t\t\t\t\t\t\t\t<p><strong><br><\/strong><\/p><p><strong>Maria de F\u00e1tima Coronel<\/strong><\/p>\n<p><strong>(2015-2020)<\/strong><\/p>\t\t\t\t\t\t\t\t<\/div>\n\t\t\t\t<\/div>\n\t\t\t\t\t<\/div>\n\t\t<\/div>\n\t\t\t\t\t<\/div>\n\t\t<\/section>\n\t\t\t\t<\/div>\n\t\t","protected":false},"excerpt":{"rendered":"<p>GALERIA DOS PRESIDENTES Raul Querido Varela(1975-1976) Manuel de Jesus M.Duarte (1976-1980) Ant\u00f3nio Manuel Mascarenhas G.Monteiro (1980-1989) C\u00e9sar Augusto M.Fernandes (1990-1991) \u00d3scar Alexandre Silva Gomes (1991-2003) Benfeito Mosso Ramos (2003-2009) Arlindo Almeida Medina (2009-2015) Maria de F\u00e1tima Coronel (2015-2020)<\/p>\n","protected":false},"author":2,"featured_media":0,"parent":0,"menu_order":0,"comment_status":"closed","ping_status":"closed","template":"","meta":{"footnotes":""},"class_list":["post-6314","page","type-page","status-publish","hentry"],"jetpack_sharing_enabled":true,"_links":{"self":[{"href":"https:\/\/www.stj.cv\/index.php\/wp-json\/wp\/v2\/pages\/6314","targetHints":{"allow":["GET"]}}],"collection":[{"href":"https:\/\/www.stj.cv\/index.php\/wp-json\/wp\/v2\/pages"}],"about":[{"href":"https:\/\/www.stj.cv\/index.php\/wp-json\/wp\/v2\/types\/page"}],"author":[{"embeddable":true,"href":"https:\/\/www.stj.cv\/index.php\/wp-json\/wp\/v2\/users\/2"}],"replies":[{"embeddable":true,"href":"https:\/\/www.stj.cv\/index.php\/wp-json\/wp\/v2\/comments?post=6314"}],"version-history":[{"count":88,"href":"https:\/\/www.stj.cv\/index.php\/wp-json\/wp\/v2\/pages\/6314\/revisions"}],"predecessor-version":[{"id":9225,"href":"https:\/\/www.stj.cv\/index.php\/wp-json\/wp\/v2\/pages\/6314\/revisions\/9225"}],"wp:attachment":[{"href":"https:\/\/www.stj.cv\/index.php\/wp-json\/wp\/v2\/media?parent=6314"}],"curies":[{"name":"wp","href":"https:\/\/api.w.org\/{rel}","templated":true}]}}