{"id":6312,"date":"2023-08-08T16:15:32","date_gmt":"2023-08-08T16:15:32","guid":{"rendered":"http:\/\/167.86.89.214\/stj.cv\/?page_id=6312"},"modified":"2023-10-12T15:30:48","modified_gmt":"2023-10-12T16:30:48","slug":"composicao","status":"publish","type":"page","link":"https:\/\/www.stj.cv\/index.php\/composicao\/","title":{"rendered":"Composi\u00e7\u00e3o das Sec\u00e7\u00f5es"},"content":{"rendered":"\t\t<div data-elementor-type=\"wp-page\" data-elementor-id=\"6312\" class=\"elementor elementor-6312\">\n\t\t\t\t\t\t<section class=\"elementor-section elementor-top-section elementor-element elementor-element-b0d3327 elementor-section-boxed elementor-section-height-default elementor-section-height-default\" data-id=\"b0d3327\" data-element_type=\"section\" data-e-type=\"section\">\n\t\t\t\t\t\t<div class=\"elementor-container elementor-column-gap-default\">\n\t\t\t\t\t<div class=\"elementor-column elementor-col-100 elementor-top-column elementor-element elementor-element-dcec3e6\" data-id=\"dcec3e6\" data-element_type=\"column\" data-e-type=\"column\">\n\t\t\t<div class=\"elementor-widget-wrap elementor-element-populated\">\n\t\t\t\t\t\t<div class=\"elementor-element elementor-element-6a31e15 elementor-widget elementor-widget-text-editor\" data-id=\"6a31e15\" data-element_type=\"widget\" data-e-type=\"widget\" data-widget_type=\"text-editor.default\">\n\t\t\t\t<div class=\"elementor-widget-container\">\n\t\t\t\t\t\t\t\t\t<h4>COMPOSI\u00c7\u00c3O DAS SEC\u00c7\u00d5ES<\/h4>\t\t\t\t\t\t\t\t<\/div>\n\t\t\t\t<\/div>\n\t\t\t\t\t<\/div>\n\t\t<\/div>\n\t\t\t\t\t<\/div>\n\t\t<\/section>\n\t\t\t\t<section class=\"elementor-section elementor-top-section elementor-element elementor-element-64da21d elementor-section-boxed elementor-section-height-default elementor-section-height-default\" data-id=\"64da21d\" data-element_type=\"section\" data-e-type=\"section\">\n\t\t\t\t\t\t<div class=\"elementor-container elementor-column-gap-default\">\n\t\t\t\t\t<div class=\"elementor-column elementor-col-100 elementor-top-column elementor-element elementor-element-f562598\" data-id=\"f562598\" data-element_type=\"column\" data-e-type=\"column\">\n\t\t\t<div class=\"elementor-widget-wrap elementor-element-populated\">\n\t\t\t\t\t\t<div class=\"elementor-element elementor-element-4b0b092 elementor-widget elementor-widget-text-editor\" data-id=\"4b0b092\" data-element_type=\"widget\" data-e-type=\"widget\" data-widget_type=\"text-editor.default\">\n\t\t\t\t<div class=\"elementor-widget-container\">\n\t\t\t\t\t\t\t\t\t<p><strong>1\u00aa SEC\u00c7\u00c3O (C\u00cdVEL)<\/strong><\/p>\t\t\t\t\t\t\t\t<\/div>\n\t\t\t\t<\/div>\n\t\t\t\t\t<\/div>\n\t\t<\/div>\n\t\t\t\t\t<\/div>\n\t\t<\/section>\n\t\t\t\t<section class=\"elementor-section elementor-top-section elementor-element elementor-element-5c0ab29 elementor-section-boxed elementor-section-height-default elementor-section-height-default\" data-id=\"5c0ab29\" data-element_type=\"section\" data-e-type=\"section\">\n\t\t\t\t\t\t<div class=\"elementor-container elementor-column-gap-default\">\n\t\t\t\t\t<div class=\"elementor-column elementor-col-100 elementor-top-column elementor-element elementor-element-d8502b4\" data-id=\"d8502b4\" data-element_type=\"column\" data-e-type=\"column\">\n\t\t\t<div class=\"elementor-widget-wrap elementor-element-populated\">\n\t\t\t\t\t\t<div class=\"elementor-element elementor-element-76f937a elementor-widget elementor-widget-text-editor\" data-id=\"76f937a\" data-element_type=\"widget\" data-e-type=\"widget\" data-widget_type=\"text-editor.default\">\n\t\t\t\t<div class=\"elementor-widget-container\">\n\t\t\t\t\t\t\t\t\t<p>Ju\u00edza Conselheira Maria Teresa\u00a0 \u00a0\u00c9vora<\/p><p>Ju\u00edz Conselheiro Manuel Semedo<\/p><p>Ju\u00edz Conselheiro Anildo Martins<\/p>\t\t\t\t\t\t\t\t<\/div>\n\t\t\t\t<\/div>\n\t\t\t\t\t<\/div>\n\t\t<\/div>\n\t\t\t\t\t<\/div>\n\t\t<\/section>\n\t\t\t\t<section class=\"elementor-section elementor-top-section elementor-element elementor-element-0dac0ba elementor-section-boxed elementor-section-height-default elementor-section-height-default\" data-id=\"0dac0ba\" data-element_type=\"section\" data-e-type=\"section\">\n\t\t\t\t\t\t<div class=\"elementor-container elementor-column-gap-default\">\n\t\t\t\t\t<div class=\"elementor-column elementor-col-100 elementor-top-column elementor-element elementor-element-07b8e5f\" data-id=\"07b8e5f\" data-element_type=\"column\" data-e-type=\"column\">\n\t\t\t<div class=\"elementor-widget-wrap elementor-element-populated\">\n\t\t\t\t\t\t<div class=\"elementor-element elementor-element-91cb53c elementor-widget elementor-widget-text-editor\" data-id=\"91cb53c\" data-element_type=\"widget\" data-e-type=\"widget\" data-widget_type=\"text-editor.default\">\n\t\t\t\t<div class=\"elementor-widget-container\">\n\t\t\t\t\t\t\t\t\t<p><strong>2\u00aa SEC\u00c7\u00c3O (CRIMINAL)<\/strong><\/p>\t\t\t\t\t\t\t\t<\/div>\n\t\t\t\t<\/div>\n\t\t\t\t\t<\/div>\n\t\t<\/div>\n\t\t\t\t\t<\/div>\n\t\t<\/section>\n\t\t\t\t<section class=\"elementor-section elementor-top-section elementor-element elementor-element-06cf2be elementor-section-boxed elementor-section-height-default elementor-section-height-default\" data-id=\"06cf2be\" data-element_type=\"section\" data-e-type=\"section\">\n\t\t\t\t\t\t<div class=\"elementor-container elementor-column-gap-default\">\n\t\t\t\t\t<div class=\"elementor-column elementor-col-100 elementor-top-column elementor-element elementor-element-f7c3d62\" data-id=\"f7c3d62\" data-element_type=\"column\" data-e-type=\"column\">\n\t\t\t<div class=\"elementor-widget-wrap elementor-element-populated\">\n\t\t\t\t\t\t<div class=\"elementor-element elementor-element-7713531 elementor-widget elementor-widget-text-editor\" data-id=\"7713531\" data-element_type=\"widget\" data-e-type=\"widget\" data-widget_type=\"text-editor.default\">\n\t\t\t\t<div class=\"elementor-widget-container\">\n\t\t\t\t\t\t\t\t\t<p>Ju\u00edz Conselheiro Sim\u00e3o Alves Santos<\/p><p>Ju\u00edza Conselheira\u00a0 Zaida Lima da Luz<\/p><p>Ju\u00edz Conselheiro Benfeito Mosso Ramos<\/p>\t\t\t\t\t\t\t\t<\/div>\n\t\t\t\t<\/div>\n\t\t\t\t\t<\/div>\n\t\t<\/div>\n\t\t\t\t\t<\/div>\n\t\t<\/section>\n\t\t\t\t<section class=\"elementor-section elementor-top-section elementor-element elementor-element-619d0cf elementor-section-boxed elementor-section-height-default elementor-section-height-default\" data-id=\"619d0cf\" data-element_type=\"section\" data-e-type=\"section\">\n\t\t\t\t\t\t<div class=\"elementor-container elementor-column-gap-default\">\n\t\t\t\t\t<div class=\"elementor-column elementor-col-100 elementor-top-column elementor-element elementor-element-163b9ab\" data-id=\"163b9ab\" data-element_type=\"column\" data-e-type=\"column\">\n\t\t\t<div class=\"elementor-widget-wrap elementor-element-populated\">\n\t\t\t\t\t\t<div class=\"elementor-element elementor-element-01b6303 elementor-widget elementor-widget-text-editor\" data-id=\"01b6303\" data-element_type=\"widget\" data-e-type=\"widget\" data-widget_type=\"text-editor.default\">\n\t\t\t\t<div class=\"elementor-widget-container\">\n\t\t\t\t\t\t\t\t\t<p><strong>3\u00aa SEC\u00c7\u00c3O (FISCAL E CONT. ADTV\u00ba)<\/strong><\/p>\t\t\t\t\t\t\t\t<\/div>\n\t\t\t\t<\/div>\n\t\t\t\t\t<\/div>\n\t\t<\/div>\n\t\t\t\t\t<\/div>\n\t\t<\/section>\n\t\t\t\t<section class=\"elementor-section elementor-top-section elementor-element elementor-element-2b8a1a1 elementor-section-boxed elementor-section-height-default elementor-section-height-default\" data-id=\"2b8a1a1\" data-element_type=\"section\" data-e-type=\"section\">\n\t\t\t\t\t\t<div class=\"elementor-container elementor-column-gap-default\">\n\t\t\t\t\t<div class=\"elementor-column elementor-col-100 elementor-top-column elementor-element elementor-element-e3076a4\" data-id=\"e3076a4\" data-element_type=\"column\" data-e-type=\"column\">\n\t\t\t<div class=\"elementor-widget-wrap elementor-element-populated\">\n\t\t\t\t\t\t<div class=\"elementor-element elementor-element-00c1bd5 elementor-widget elementor-widget-text-editor\" data-id=\"00c1bd5\" data-element_type=\"widget\" data-e-type=\"widget\" data-widget_type=\"text-editor.default\">\n\t\t\t\t<div class=\"elementor-widget-container\">\n\t\t\t\t\t\t\t\t\t<p>Ju\u00edz Conselheiro Benfeito Mosso Ramos<\/p><p>Ju\u00edz Conselheiro Anildo Martins<\/p><p>Ju\u00edz Conselheiro Arlindo Medina<\/p>\t\t\t\t\t\t\t\t<\/div>\n\t\t\t\t<\/div>\n\t\t\t\t\t<\/div>\n\t\t<\/div>\n\t\t\t\t\t<\/div>\n\t\t<\/section>\n\t\t\t\t<\/div>\n\t\t","protected":false},"excerpt":{"rendered":"<p>COMPOSI\u00c7\u00c3O DAS SEC\u00c7\u00d5ES 1\u00aa SEC\u00c7\u00c3O (C\u00cdVEL) Ju\u00edza Conselheira Maria Teresa\u00a0 \u00a0\u00c9vora Ju\u00edz Conselheiro Manuel Semedo Ju\u00edz Conselheiro Anildo Martins 2\u00aa SEC\u00c7\u00c3O (CRIMINAL) Ju\u00edz Conselheiro Sim\u00e3o Alves Santos Ju\u00edza Conselheira\u00a0 Zaida Lima da Luz Ju\u00edz Conselheiro Benfeito Mosso Ramos 3\u00aa SEC\u00c7\u00c3O (FISCAL E CONT. ADTV\u00ba) Ju\u00edz Conselheiro Benfeito Mosso Ramos Ju\u00edz Conselheiro Anildo Martins Ju\u00edz Conselheiro [&hellip;]<\/p>\n","protected":false},"author":2,"featured_media":0,"parent":0,"menu_order":0,"comment_status":"closed","ping_status":"closed","template":"","meta":{"footnotes":""},"class_list":["post-6312","page","type-page","status-publish","hentry"],"jetpack_sharing_enabled":true,"_links":{"self":[{"href":"https:\/\/www.stj.cv\/index.php\/wp-json\/wp\/v2\/pages\/6312","targetHints":{"allow":["GET"]}}],"collection":[{"href":"https:\/\/www.stj.cv\/index.php\/wp-json\/wp\/v2\/pages"}],"about":[{"href":"https:\/\/www.stj.cv\/index.php\/wp-json\/wp\/v2\/types\/page"}],"author":[{"embeddable":true,"href":"https:\/\/www.stj.cv\/index.php\/wp-json\/wp\/v2\/users\/2"}],"replies":[{"embeddable":true,"href":"https:\/\/www.stj.cv\/index.php\/wp-json\/wp\/v2\/comments?post=6312"}],"version-history":[{"count":77,"href":"https:\/\/www.stj.cv\/index.php\/wp-json\/wp\/v2\/pages\/6312\/revisions"}],"predecessor-version":[{"id":7918,"href":"https:\/\/www.stj.cv\/index.php\/wp-json\/wp\/v2\/pages\/6312\/revisions\/7918"}],"wp:attachment":[{"href":"https:\/\/www.stj.cv\/index.php\/wp-json\/wp\/v2\/media?parent=6312"}],"curies":[{"name":"wp","href":"https:\/\/api.w.org\/{rel}","templated":true}]}}